{"id":5561,"date":"2023-02-01T16:41:43","date_gmt":"2023-02-01T21:41:43","guid":{"rendered":"https:\/\/www.convention.qc.ca\/?page_id=5561"},"modified":"2025-10-24T12:20:15","modified_gmt":"2025-10-24T16:20:15","slug":"publications","status":"publish","type":"page","link":"https:\/\/www.convention.qc.ca\/en\/about\/publications\/","title":{"rendered":"Publications"},"content":{"rendered":"<div  class=\"item wysiwyg component-heading component-no-padding \" ><div class=\"container\">\n<h2 class=\"wp-block-heading\">Annual Report<\/h2>\n<\/div><\/div>\n\n<div  class=\"item wysiwyg component-paragraph component-no-padding \" ><div class=\"container\">\n<p>As a Qu\u00e9bec government corporation, SCCQ publishes an annual management report. The report describes SCCQ\u2019s activities, objectives, and results and includes sales efforts, economic spinoffs, and the sustainable development accountability report. <strong>Documents available in French only.<\/strong><\/p>\n<\/div><\/div>\n\n<div  class=\"item wysiwyg component-columns\"><div class=\"container\" >\n<div class=\"wp-block-columns is-layout-flex wp-container-core-columns-is-layout-9d6595d7 wp-block-columns-is-layout-flex\">\n<div class=\"wp-block-column is-layout-flow wp-block-column-is-layout-flow\"><div  class=\"item wysiwyg component-list component-no-padding \" ><div class=\"container\">\n<ul class=\"wp-block-list\">\n<li><a href=\"https:\/\/www.calameo.com\/read\/00624155477f79f6c204c\" target=\"_blank\" rel=\"noreferrer noopener\">Annual Management Report 2024-2025<\/a><\/li>\n\n\n\n<li><a href=\"https:\/\/www.calameo.com\/read\/00624155494db99c174e8\" target=\"_blank\" rel=\"noreferrer noopener\">Annual Management Report 2023-2024<\/a><\/li>\n\n\n\n<li><a href=\"https:\/\/www.calameo.com\/read\/006241554b9ec0c368faa\" target=\"_blank\" rel=\"noreferrer noopener\">Annual Management Report 2022-2023<\/a><\/li>\n\n\n\n<li><a class=\"\" href=\"https:\/\/fr.calameo.com\/read\/006241554350cdb0ab858\" target=\"_blank\" rel=\"noreferrer noopener\">Annual Management Report 2021-2022<\/a><\/li>\n\n\n\n<li><a href=\"https:\/\/fr.calameo.com\/read\/006241554e087eb1fbc1a\" target=\"_blank\" rel=\"noreferrer noopener\" class=\"\">Annual Management Report 2020-2021<\/a><\/li>\n\n\n\n<li><a href=\"https:\/\/fr.calameo.com\/read\/006241554f32e8ca61909\" target=\"_blank\" rel=\"noreferrer noopener\" class=\"\">Annual Management Report 2019-2020<\/a><\/li>\n\n\n\n<li><a href=\"https:\/\/www.convention.qc.ca\/wp-content\/uploads\/Centre-congres-quebec-rapport-annuel-1819.pdf\" target=\"_blank\" rel=\"noreferrer noopener\">Annual Management Report 2018-2019<\/a><\/li>\n\n\n\n<li><a href=\"https:\/\/console.virtualpaper.com\/centre-des-congres-quebec\/rapport-annuel-2017-2018\/\" target=\"_blank\" rel=\"noreferrer noopener\" class=\"\">Annual Management Report 2017-2018<\/a><\/li>\n\n\n\n<li><a href=\"http:\/\/publications.virtualpaper.com\/centre-des-congres-quebec\/rapport-annuel-2016-2017\/\" target=\"_blank\" rel=\"noreferrer noopener\" class=\"\">Annual Management Report 2016-2017<\/a><\/li>\n\n\n\n<li><a href=\"http:\/\/publications.virtualpaper.com\/centre-des-congres-quebec\/rapport-annuel-2015-2016\/\" target=\"_blank\" rel=\"noreferrer noopener\" class=\"\">Annual Management Report 2015-2016<\/a>&nbsp;<\/li>\n\n\n\n<li><a href=\"http:\/\/publications.virtualpaper.com\/centre-des-congres-quebec\/rapport_annuel_2014_15\/\" target=\"_blank\" rel=\"noreferrer noopener\" class=\"\">Annual Management Report 2014-2015<\/a>&nbsp;<\/li>\n\n\n\n<li><a href=\"http:\/\/publications.virtualpaper.com\/centre-des-congres-quebec\/rapport_annuel_2013-2014\/\" target=\"_blank\" rel=\"noreferrer noopener\" class=\"\">Annual Management Report 2013-2014<\/a>&nbsp;<\/li>\n\n\n\n<li><a class=\"\" href=\"http:\/\/publications.virtualpaper.com\/centre-des-congres-quebec\/rapport-annuel-2012-2013\/\" target=\"_blank\" rel=\"noreferrer noopener\">Annual Management Report 2012-2013<\/a><\/li>\n<\/ul>\n<\/div><\/div><\/div>\n\n\n\n<div class=\"wp-block-column is-layout-flow wp-block-column-is-layout-flow\"><div  class=\"item wysiwyg component-list component-no-padding \" ><div class=\"container\">\n<ul class=\"wp-block-list\">\n<li><a href=\"https:\/\/www.convention.qc.ca\/wp-content\/uploads\/rapport-annuel-2011-2012.pdf\" target=\"_blank\" rel=\"noreferrer noopener\">Annual Management Report 2011-2012<\/a>&nbsp;<\/li>\n\n\n\n<li><a href=\"https:\/\/www.convention.qc.ca\/wp-content\/uploads\/rapport-annuel-2010-2011.pdf\" target=\"_blank\" rel=\"noreferrer noopener\">Annual Management Report 2010\u20132011<\/a><\/li>\n\n\n\n<li><a href=\"https:\/\/www.convention.qc.ca\/wp-content\/uploads\/rapport-annuel-2009-2010.pdf\" target=\"_blank\" rel=\"noreferrer noopener\">Annual Management Report 2009\u20132010<\/a><\/li>\n\n\n\n<li><a href=\"https:\/\/www.convention.qc.ca\/wp-content\/uploads\/rapport-annuel-2008-2009.pdf\" target=\"_blank\" rel=\"noreferrer noopener\">Annual Management Report 2008-2009<\/a><\/li>\n\n\n\n<li><a href=\"https:\/\/www.convention.qc.ca\/wp-content\/uploads\/rapport-annuel-2007-2008.pdf\" target=\"_blank\" rel=\"noreferrer noopener\">Annual Management Report 2007-2008<\/a><\/li>\n\n\n\n<li><a href=\"https:\/\/www.convention.qc.ca\/wp-content\/uploads\/rapport-annuel-2006-2007.pdf\" target=\"_blank\" rel=\"noreferrer noopener\">Annual Management Report 2006-2007<\/a>&nbsp;<\/li>\n\n\n\n<li><a href=\"https:\/\/www.convention.qc.ca\/wp-content\/uploads\/rapport-annuel-2005-2006.pdf\" target=\"_blank\" rel=\"noreferrer noopener\">Annual Management Report 2005-2006<\/a><\/li>\n\n\n\n<li><a href=\"https:\/\/www.convention.qc.ca\/wp-content\/uploads\/rapport-annuel-2004-2005.pdf\" target=\"_blank\" rel=\"noreferrer noopener\">Annual Management Report 2004-2005<\/a><\/li>\n\n\n\n<li><a href=\"https:\/\/www.convention.qc.ca\/wp-content\/uploads\/rapport-annuel-2003-2004.pdf\" target=\"_blank\" rel=\"noreferrer noopener\">Annual Management Report 2003-2004<\/a><\/li>\n\n\n\n<li><a href=\"https:\/\/www.convention.qc.ca\/wp-content\/uploads\/rapport-annuel-2002-2003.pdf\" target=\"_blank\" rel=\"noreferrer noopener\">Annual Management Report 2002-2003<\/a><\/li>\n\n\n\n<li><a href=\"https:\/\/www.convention.qc.ca\/wp-content\/uploads\/rapport-annuel-2001-2002.pdf\" target=\"_blank\" rel=\"noreferrer noopener\">Annual Management Report 2001-2002<\/a><\/li>\n\n\n\n<li><a href=\"https:\/\/www.convention.qc.ca\/wp-content\/uploads\/rapport-annuel-2000-2001.pdf\" target=\"_blank\" rel=\"noreferrer noopener\">Annual Management Report 2000-2001<\/a><\/li>\n<\/ul>\n<\/div><\/div><\/div>\n<\/div>\n<\/div><\/div>\n\n<div  class=\"item wysiwyg component-heading component-no-padding \" ><div class=\"container\">\n<h2 class=\"wp-block-heading\">Other Documents<\/h2>\n<\/div><\/div>\n\n<div  class=\"item wysiwyg component-list component-no-padding \" ><div class=\"container\">\n<ul class=\"wp-block-list\">\n<li><a href=\"https:\/\/www.convention.qc.ca\/wp-content\/uploads\/PGS-7-Politique-Dev-Durable-20240711.pdf\" target=\"_blank\" rel=\"noreferrer noopener\">Sustainable Development Policy<\/a>&nbsp;(French only)<\/li>\n\n\n\n<li><a href=\"https:\/\/www.convention.qc.ca\/wp-content\/uploads\/Plan-action-pers-handicap-2025-2026.pdf\" target=\"_blank\" rel=\"noreferrer noopener\">Action Plan for People with Disabilities<\/a>&nbsp;(French only)<\/li>\n\n\n\n<li><a href=\"https:\/\/www.convention.qc.ca\/wp-content\/uploads\/Tableausynoptique-Planstrat-2025-2028.pdf\" target=\"_blank\" rel=\"noreferrer noopener\">Overview \u2013 Strategic Plan 2025-2028<\/a>&nbsp;(French only)<\/li>\n\n\n\n<li><a href=\"https:\/\/www.convention.qc.ca\/wp-content\/uploads\/VF20250328_PADD_2023-2028.pdf\" target=\"_blank\" rel=\"noreferrer noopener\">Plan d\u2019action de d\u00e9veloppement durable 2023-2028<\/a> (French only)<\/li>\n<\/ul>\n<\/div><\/div>\n\n<div  class=\"item wysiwyg component-paragraph component-no-padding \" ><div class=\"container\">\n<p><\/p>\n<\/div><\/div>","protected":false},"excerpt":{"rendered":"Read annual reports and other documents published over the years by the Soci\u00e9t\u00e9 du Centre des congr\u00e8s de Qu\u00e9bec.","protected":false},"author":1,"featured_media":19552,"parent":5274,"menu_order":10,"comment_status":"closed","ping_status":"closed","template":"","meta":{"_acf_changed":false,"footnotes":""},"class_list":["post-5561","page","type-page","status-publish","has-post-thumbnail","hentry"],"acf":[],"yoast_head":"<!-- This site is optimized with the Yoast SEO plugin v26.7 - https:\/\/yoast.com\/wordpress\/plugins\/seo\/ -->\n<title>Publications | Qu\u00e9bec City Convention Centre<\/title>\n<meta name=\"description\" content=\"Read annual reports and other publications by the Qu\u00e9bec City Convention Centre.\" \/>\n<meta name=\"robots\" content=\"index, follow, max-snippet:-1, max-image-preview:large, max-video-preview:-1\" \/>\n<link rel=\"canonical\" href=\"https:\/\/www.convention.qc.ca\/en\/about\/publications\/\" \/>\n<meta property=\"og:locale\" content=\"en_US\" \/>\n<meta property=\"og:type\" content=\"article\" \/>\n<meta property=\"og:title\" content=\"Publications | Qu\u00e9bec City Convention Centre\" \/>\n<meta property=\"og:description\" content=\"Read annual reports and other publications by the Qu\u00e9bec City Convention Centre.\" \/>\n<meta property=\"og:url\" content=\"https:\/\/www.convention.qc.ca\/en\/about\/publications\/\" \/>\n<meta property=\"og:site_name\" content=\"Qu\u00e9bec City Convention Centre\" \/>\n<meta property=\"article:publisher\" content=\"https:\/\/www.facebook.com\/congresquebec\/\" \/>\n<meta property=\"article:modified_time\" content=\"2025-10-24T16:20:15+00:00\" \/>\n<meta property=\"og:image\" content=\"https:\/\/www.convention.qc.ca\/wp-content\/uploads\/Mockup-RAG-2023-2024-e1726840455999.jpg\" \/>\n\t<meta property=\"og:image:width\" content=\"1920\" \/>\n\t<meta property=\"og:image:height\" content=\"1280\" \/>\n\t<meta property=\"og:image:type\" content=\"image\/jpeg\" \/>\n<meta name=\"twitter:card\" content=\"summary_large_image\" \/>\n<meta name=\"twitter:site\" content=\"@quebeccongres\" \/>\n<meta name=\"twitter:label1\" content=\"Est. reading time\" \/>\n\t<meta name=\"twitter:data1\" content=\"2 minutes\" \/>\n<script type=\"application\/ld+json\" class=\"yoast-schema-graph\">{\"@context\":\"https:\/\/schema.org\",\"@graph\":[{\"@type\":\"WebPage\",\"@id\":\"https:\/\/www.convention.qc.ca\/en\/about\/publications\/\",\"url\":\"https:\/\/www.convention.qc.ca\/en\/about\/publications\/\",\"name\":\"Publications | Qu\u00e9bec City Convention Centre\",\"isPartOf\":{\"@id\":\"https:\/\/www.convention.qc.ca\/en\/#website\"},\"primaryImageOfPage\":{\"@id\":\"https:\/\/www.convention.qc.ca\/en\/about\/publications\/#primaryimage\"},\"image\":{\"@id\":\"https:\/\/www.convention.qc.ca\/en\/about\/publications\/#primaryimage\"},\"thumbnailUrl\":\"https:\/\/www.convention.qc.ca\/wp-content\/uploads\/Mock-up-Rapport-annuel-2024-2025.png\",\"datePublished\":\"2023-02-01T21:41:43+00:00\",\"dateModified\":\"2025-10-24T16:20:15+00:00\",\"description\":\"Read annual reports and other publications by the Qu\u00e9bec City Convention Centre.\",\"breadcrumb\":{\"@id\":\"https:\/\/www.convention.qc.ca\/en\/about\/publications\/#breadcrumb\"},\"inLanguage\":\"en-US\",\"potentialAction\":[{\"@type\":\"ReadAction\",\"target\":[\"https:\/\/www.convention.qc.ca\/en\/about\/publications\/\"]}]},{\"@type\":\"ImageObject\",\"inLanguage\":\"en-US\",\"@id\":\"https:\/\/www.convention.qc.ca\/en\/about\/publications\/#primaryimage\",\"url\":\"https:\/\/www.convention.qc.ca\/wp-content\/uploads\/Mock-up-Rapport-annuel-2024-2025.png\",\"contentUrl\":\"https:\/\/www.convention.qc.ca\/wp-content\/uploads\/Mock-up-Rapport-annuel-2024-2025.png\",\"width\":1152,\"height\":648,\"caption\":\"Rapport annuel 2024-2025 de la Soci\u00e9t\u00e9 du Centre des congr\u00e8s de Qu\u00e9bec en version imprim\u00e9e, d\u00e9pos\u00e9e sur une table de bois.\"},{\"@type\":\"BreadcrumbList\",\"@id\":\"https:\/\/www.convention.qc.ca\/en\/about\/publications\/#breadcrumb\",\"itemListElement\":[{\"@type\":\"ListItem\",\"position\":1,\"name\":\"Accueil\",\"item\":\"https:\/\/www.convention.qc.ca\/en\/\"},{\"@type\":\"ListItem\",\"position\":2,\"name\":\"About\",\"item\":\"https:\/\/www.convention.qc.ca\/en\/about\/\"},{\"@type\":\"ListItem\",\"position\":3,\"name\":\"Publications\"}]},{\"@type\":\"WebSite\",\"@id\":\"https:\/\/www.convention.qc.ca\/en\/#website\",\"url\":\"https:\/\/www.convention.qc.ca\/en\/\",\"name\":\"Centre des congr\u00e8s de Qu\u00e9bec\",\"description\":\"Convention and exhibition center in Quebec City\",\"publisher\":{\"@id\":\"https:\/\/www.convention.qc.ca\/en\/#organization\"},\"potentialAction\":[{\"@type\":\"SearchAction\",\"target\":{\"@type\":\"EntryPoint\",\"urlTemplate\":\"https:\/\/www.convention.qc.ca\/en\/?s={search_term_string}\"},\"query-input\":{\"@type\":\"PropertyValueSpecification\",\"valueRequired\":true,\"valueName\":\"search_term_string\"}}],\"inLanguage\":\"en-US\"},{\"@type\":\"Organization\",\"@id\":\"https:\/\/www.convention.qc.ca\/en\/#organization\",\"name\":\"Centre des congr\u00e8s de Qu\u00e9bec\",\"url\":\"https:\/\/www.convention.qc.ca\/en\/\",\"logo\":{\"@type\":\"ImageObject\",\"inLanguage\":\"en-US\",\"@id\":\"https:\/\/www.convention.qc.ca\/en\/#\/schema\/logo\/image\/\",\"url\":\"https:\/\/www.convention.qc.ca\/wp-content\/uploads\/poster.png\",\"contentUrl\":\"https:\/\/www.convention.qc.ca\/wp-content\/uploads\/poster.png\",\"width\":1200,\"height\":630,\"caption\":\"Centre des congr\u00e8s de Qu\u00e9bec\"},\"image\":{\"@id\":\"https:\/\/www.convention.qc.ca\/en\/#\/schema\/logo\/image\/\"},\"sameAs\":[\"https:\/\/www.facebook.com\/congresquebec\/\",\"https:\/\/x.com\/quebeccongres\",\"https:\/\/www.instagram.com\/quebeccongres\/\",\"https:\/\/www.linkedin.com\/company\/congresquebec\"]}]}<\/script>\n<!-- \/ Yoast SEO plugin. -->","yoast_head_json":{"title":"Publications | Qu\u00e9bec City Convention Centre","description":"Read annual reports and other publications by the Qu\u00e9bec City Convention Centre.","robots":{"index":"index","follow":"follow","max-snippet":"max-snippet:-1","max-image-preview":"max-image-preview:large","max-video-preview":"max-video-preview:-1"},"canonical":"https:\/\/www.convention.qc.ca\/en\/about\/publications\/","og_locale":"en_US","og_type":"article","og_title":"Publications | Qu\u00e9bec City Convention Centre","og_description":"Read annual reports and other publications by the Qu\u00e9bec City Convention Centre.","og_url":"https:\/\/www.convention.qc.ca\/en\/about\/publications\/","og_site_name":"Qu\u00e9bec City Convention Centre","article_publisher":"https:\/\/www.facebook.com\/congresquebec\/","article_modified_time":"2025-10-24T16:20:15+00:00","og_image":[{"width":1920,"height":1280,"url":"https:\/\/www.convention.qc.ca\/wp-content\/uploads\/Mockup-RAG-2023-2024-e1726840455999.jpg","type":"image\/jpeg"}],"twitter_card":"summary_large_image","twitter_site":"@quebeccongres","twitter_misc":{"Est. reading time":"2 minutes"},"schema":{"@context":"https:\/\/schema.org","@graph":[{"@type":"WebPage","@id":"https:\/\/www.convention.qc.ca\/en\/about\/publications\/","url":"https:\/\/www.convention.qc.ca\/en\/about\/publications\/","name":"Publications | Qu\u00e9bec City Convention Centre","isPartOf":{"@id":"https:\/\/www.convention.qc.ca\/en\/#website"},"primaryImageOfPage":{"@id":"https:\/\/www.convention.qc.ca\/en\/about\/publications\/#primaryimage"},"image":{"@id":"https:\/\/www.convention.qc.ca\/en\/about\/publications\/#primaryimage"},"thumbnailUrl":"https:\/\/www.convention.qc.ca\/wp-content\/uploads\/Mock-up-Rapport-annuel-2024-2025.png","datePublished":"2023-02-01T21:41:43+00:00","dateModified":"2025-10-24T16:20:15+00:00","description":"Read annual reports and other publications by the Qu\u00e9bec City Convention Centre.","breadcrumb":{"@id":"https:\/\/www.convention.qc.ca\/en\/about\/publications\/#breadcrumb"},"inLanguage":"en-US","potentialAction":[{"@type":"ReadAction","target":["https:\/\/www.convention.qc.ca\/en\/about\/publications\/"]}]},{"@type":"ImageObject","inLanguage":"en-US","@id":"https:\/\/www.convention.qc.ca\/en\/about\/publications\/#primaryimage","url":"https:\/\/www.convention.qc.ca\/wp-content\/uploads\/Mock-up-Rapport-annuel-2024-2025.png","contentUrl":"https:\/\/www.convention.qc.ca\/wp-content\/uploads\/Mock-up-Rapport-annuel-2024-2025.png","width":1152,"height":648,"caption":"Rapport annuel 2024-2025 de la Soci\u00e9t\u00e9 du Centre des congr\u00e8s de Qu\u00e9bec en version imprim\u00e9e, d\u00e9pos\u00e9e sur une table de bois."},{"@type":"BreadcrumbList","@id":"https:\/\/www.convention.qc.ca\/en\/about\/publications\/#breadcrumb","itemListElement":[{"@type":"ListItem","position":1,"name":"Accueil","item":"https:\/\/www.convention.qc.ca\/en\/"},{"@type":"ListItem","position":2,"name":"About","item":"https:\/\/www.convention.qc.ca\/en\/about\/"},{"@type":"ListItem","position":3,"name":"Publications"}]},{"@type":"WebSite","@id":"https:\/\/www.convention.qc.ca\/en\/#website","url":"https:\/\/www.convention.qc.ca\/en\/","name":"Centre des congr\u00e8s de Qu\u00e9bec","description":"Convention and exhibition center in Quebec City","publisher":{"@id":"https:\/\/www.convention.qc.ca\/en\/#organization"},"potentialAction":[{"@type":"SearchAction","target":{"@type":"EntryPoint","urlTemplate":"https:\/\/www.convention.qc.ca\/en\/?s={search_term_string}"},"query-input":{"@type":"PropertyValueSpecification","valueRequired":true,"valueName":"search_term_string"}}],"inLanguage":"en-US"},{"@type":"Organization","@id":"https:\/\/www.convention.qc.ca\/en\/#organization","name":"Centre des congr\u00e8s de Qu\u00e9bec","url":"https:\/\/www.convention.qc.ca\/en\/","logo":{"@type":"ImageObject","inLanguage":"en-US","@id":"https:\/\/www.convention.qc.ca\/en\/#\/schema\/logo\/image\/","url":"https:\/\/www.convention.qc.ca\/wp-content\/uploads\/poster.png","contentUrl":"https:\/\/www.convention.qc.ca\/wp-content\/uploads\/poster.png","width":1200,"height":630,"caption":"Centre des congr\u00e8s de Qu\u00e9bec"},"image":{"@id":"https:\/\/www.convention.qc.ca\/en\/#\/schema\/logo\/image\/"},"sameAs":["https:\/\/www.facebook.com\/congresquebec\/","https:\/\/x.com\/quebeccongres","https:\/\/www.instagram.com\/quebeccongres\/","https:\/\/www.linkedin.com\/company\/congresquebec"]}]}},"_links":{"self":[{"href":"https:\/\/www.convention.qc.ca\/en\/wp-json\/wp\/v2\/pages\/5561","targetHints":{"allow":["GET"]}}],"collection":[{"href":"https:\/\/www.convention.qc.ca\/en\/wp-json\/wp\/v2\/pages"}],"about":[{"href":"https:\/\/www.convention.qc.ca\/en\/wp-json\/wp\/v2\/types\/page"}],"author":[{"embeddable":true,"href":"https:\/\/www.convention.qc.ca\/en\/wp-json\/wp\/v2\/users\/1"}],"replies":[{"embeddable":true,"href":"https:\/\/www.convention.qc.ca\/en\/wp-json\/wp\/v2\/comments?post=5561"}],"version-history":[{"count":22,"href":"https:\/\/www.convention.qc.ca\/en\/wp-json\/wp\/v2\/pages\/5561\/revisions"}],"predecessor-version":[{"id":19525,"href":"https:\/\/www.convention.qc.ca\/en\/wp-json\/wp\/v2\/pages\/5561\/revisions\/19525"}],"up":[{"embeddable":true,"href":"https:\/\/www.convention.qc.ca\/en\/wp-json\/wp\/v2\/pages\/5274"}],"wp:featuredmedia":[{"embeddable":true,"href":"https:\/\/www.convention.qc.ca\/en\/wp-json\/wp\/v2\/media\/19552"}],"wp:attachment":[{"href":"https:\/\/www.convention.qc.ca\/en\/wp-json\/wp\/v2\/media?parent=5561"}],"curies":[{"name":"wp","href":"https:\/\/api.w.org\/{rel}","templated":true}]}}