{"id":5531,"date":"2023-02-01T16:37:37","date_gmt":"2023-02-01T21:37:37","guid":{"rendered":"https:\/\/www.convention.qc.ca\/?page_id=5531"},"modified":"2025-10-24T12:18:31","modified_gmt":"2025-10-24T16:18:31","slug":"sustainability-commitment","status":"publish","type":"page","link":"https:\/\/www.convention.qc.ca\/en\/about\/sustainability-commitment\/","title":{"rendered":"Sustainability Commitment"},"content":{"rendered":"<div  class=\"item wysiwyg component-columns\"><div class=\"container\" >\n<div class=\"wp-block-columns is-layout-flex wp-container-core-columns-is-layout-9d6595d7 wp-block-columns-is-layout-flex\">\n<div class=\"wp-block-column is-layout-flow wp-block-column-is-layout-flow\"><div  class=\"item wysiwyg component-paragraph component-no-padding \" ><div class=\"container\">\n<p>The Convention Centre embarked on the path of sustainability the moment it opened its doors in 1996. Respect for the environment, social responsibility, and economic viability are all integral to our vision, operations, and business culture.<br><br>Over the years, the Convention Centre has implemented an ever-growing number of tangible measures and innovations to minimize the environmental impact of operations while maximizing its positive social and economic impact.&nbsp;<br><br>With the aim of providing a healthy, comfortable environment for attendees and staff, the Qu\u00e9bec City Convention Centre has invested time, money, and human resources in its LEED building and sustainable operations. It also set up an&nbsp;eco-friendly event&nbsp;program to encourage its clients to follow its lead down the path to sustainable development.<\/p>\n<\/div><\/div><\/div>\n\n\n\n<div class=\"wp-block-column is-layout-flow wp-block-column-is-layout-flow\"><div  class=\"item wysiwyg component-paragraph component-no-padding \" ><div class=\"container\">\n<p>The Convention Centre\u2019s unwavering commitment to always doing better has led to measures such as the creation of a Sustainable Development Committee and a Sustainable Development Action Plan in 2008 in response to the Qu\u00e9bec government\u2019s Sustainable Development Act.<br><br>In 2023, the Convention Centre obtained Biosphere certification, which is internationally recognized in the tourism industry.<\/p>\n<\/div><\/div><\/div>\n<\/div>\n<\/div><\/div>\n\n<div  class=\"item wysiwyg component-heading component-no-padding \" ><div class=\"container\">\n<h2 class=\"wp-block-heading\">Available Documents<\/h2>\n<\/div><\/div>\n\n<div  class=\"item wysiwyg component-list component-no-padding \" ><div class=\"container\">\n<ul class=\"wp-block-list\">\n<li><a href=\"https:\/\/www.convention.qc.ca\/wp-content\/uploads\/PGS-7-Politique-Dev-Durable-20240711.pdf\" target=\"_blank\" rel=\"noreferrer noopener\">Sustainable Development Policy<\/a>&nbsp;(French only)<\/li>\n\n\n\n<li><a href=\"https:\/\/www.convention.qc.ca\/wp-content\/uploads\/VF20250328_PADD_2023-2028.pdf\" target=\"_blank\" rel=\"noreferrer noopener\">Sustainable Development Action Plan 2023-2028<\/a>&nbsp;(French only)<\/li>\n\n\n\n<li><a href=\"https:\/\/www.calameo.com\/read\/006241554130a9a26aa00\" target=\"_blank\" rel=\"noreferrer noopener\">Sustainable Development Accountability Report 2024-2025<\/a> (French only)<\/li>\n<\/ul>\n<\/div><\/div>\n\n<div  class=\"item wysiwyg component-columns\"><div class=\"container\" >\n<div class=\"wp-block-columns is-layout-flex wp-container-core-columns-is-layout-9d6595d7 wp-block-columns-is-layout-flex\">\n<div class=\"wp-block-column is-layout-flow wp-block-column-is-layout-flow\"><div  class=\"item wysiwyg component-heading component-no-padding \" ><div class=\"container\">\n<h2 class=\"wp-block-heading\">Sustainability Charter<\/h2>\n<\/div><\/div>\n\n<div  class=\"item wysiwyg component-paragraph component-no-padding \" ><div class=\"container\">\n<p>Qu\u00e9bec City Convention Centre is a founding signatory of the Event Hosts\u2019 and Partners\u2019 Commitment to Sustainable Development Charter.<\/p>\n<\/div><\/div><\/div>\n\n\n\n<div class=\"wp-block-column is-layout-flow wp-block-column-is-layout-flow\"><div  class=\"item wysiwyg component-image\"><div class=\"container\" >\n<figure class=\"wp-block-image size-full\"><img loading=\"lazy\" decoding=\"async\" width=\"295\" height=\"137\" src=\"https:\/\/www.convention.qc.ca\/wp-content\/uploads\/logo-charte-engagement-developement-durable.jpg\" alt=\"Logo de la Charte d'engagement envers le d\u00e9veloppement durable des commanditaires et partenaires d'\u00e9v\u00e9nements.\" class=\"wp-image-7051\"\/><\/figure>\n<\/div><\/div><\/div>\n<\/div>\n<\/div><\/div>\n\n\n<div  class=\"item component-cta-banner \">\n    <section class=\"block-cta-banner js-a11y-block-link  block-cta-banner--is-common block-cta-banner--is-dark\">\n        <div class=\"container\">\n            <div class=\"row\">\n                <div class=\"col-xs-12\">\n                    <div class=\"block-cta-banner__container\">\n                        <div class=\"block-cta-banner__content\">\n                                                            <h2 class=\"block-cta-banner__title\">Do You Want to Learn More?<\/h2>\n                                                        \n                                                            <div class=\"block-cta-banner__text\">\n                                    <p>Learn more on what the Qu\u00e9bec City Convention Centre is doing to lessen the environmental footprint of events for event planners, exhibitors and visitors.<\/p>\n                                <\/div>\n                            \n                                                            <a\n                                  class=\"block-cta-banner__link js-call-to-action-link\"\n                                  href=\"https:\/\/www.convention.qc.ca\/en\/sustainability\/\"\n                                  target=\"\"\n                                  data-a11y-link\n                                  data-name=\"Do You Want to Learn More?\"\n                                  data-label=\"See All Sustainable Actions\"\n                                >\n                                    <span>See All Sustainable Actions<\/span>\n                                    <svg width=\"14px\" height=\"15px\" aria-hidden=\"true\" focusable=\"false\"><use xlink:href=\"#ico-arrow-right\"><\/use><\/svg>\n                                <\/a>\n                                                    <\/div>\n                    <\/div>\n                    \n                                    <\/div>\n            <\/div>\n        <\/div>\n    <\/section>\n<\/div>","protected":false},"excerpt":{"rendered":"Discover the policies and action plans deployed over the years to guide the Quebec City Convention Centre&#8217;s sustainable commitment.","protected":false},"author":1,"featured_media":6983,"parent":5274,"menu_order":3,"comment_status":"closed","ping_status":"closed","template":"","meta":{"_acf_changed":false,"footnotes":""},"class_list":["post-5531","page","type-page","status-publish","has-post-thumbnail","hentry"],"acf":[],"yoast_head":"<!-- This site is optimized with the Yoast SEO plugin v26.7 - https:\/\/yoast.com\/wordpress\/plugins\/seo\/ -->\n<title>Sustainability Commitment | Qu\u00e9bec City Convention Centre<\/title>\n<meta name=\"description\" content=\"Learn more on the Convention Centre&#039;s sustainability commitment and read its action plan and accountability report.\" \/>\n<meta name=\"robots\" content=\"index, follow, max-snippet:-1, max-image-preview:large, max-video-preview:-1\" \/>\n<link rel=\"canonical\" href=\"https:\/\/www.convention.qc.ca\/en\/about\/sustainability-commitment\/\" \/>\n<meta property=\"og:locale\" content=\"en_US\" \/>\n<meta property=\"og:type\" content=\"article\" \/>\n<meta property=\"og:title\" content=\"Sustainability Commitment | Qu\u00e9bec City Convention Centre\" \/>\n<meta property=\"og:description\" content=\"Learn more on the Convention Centre&#039;s sustainability commitment and read its action plan and accountability report.\" \/>\n<meta property=\"og:url\" content=\"https:\/\/www.convention.qc.ca\/en\/about\/sustainability-commitment\/\" \/>\n<meta property=\"og:site_name\" content=\"Qu\u00e9bec City Convention Centre\" \/>\n<meta property=\"article:publisher\" content=\"https:\/\/www.facebook.com\/congresquebec\/\" \/>\n<meta property=\"article:modified_time\" content=\"2025-10-24T16:18:31+00:00\" \/>\n<meta property=\"og:image\" content=\"https:\/\/www.convention.qc.ca\/wp-content\/uploads\/toit-vert-abeilles-498x290-1.jpg\" \/>\n\t<meta property=\"og:image:width\" content=\"498\" \/>\n\t<meta property=\"og:image:height\" content=\"290\" \/>\n\t<meta property=\"og:image:type\" content=\"image\/jpeg\" \/>\n<meta name=\"twitter:card\" content=\"summary_large_image\" \/>\n<meta name=\"twitter:site\" content=\"@quebeccongres\" \/>\n<meta name=\"twitter:label1\" content=\"Est. reading time\" \/>\n\t<meta name=\"twitter:data1\" content=\"2 minutes\" \/>\n<script type=\"application\/ld+json\" class=\"yoast-schema-graph\">{\"@context\":\"https:\/\/schema.org\",\"@graph\":[{\"@type\":\"WebPage\",\"@id\":\"https:\/\/www.convention.qc.ca\/en\/about\/sustainability-commitment\/\",\"url\":\"https:\/\/www.convention.qc.ca\/en\/about\/sustainability-commitment\/\",\"name\":\"Sustainability Commitment | Qu\u00e9bec City Convention Centre\",\"isPartOf\":{\"@id\":\"https:\/\/www.convention.qc.ca\/en\/#website\"},\"primaryImageOfPage\":{\"@id\":\"https:\/\/www.convention.qc.ca\/en\/about\/sustainability-commitment\/#primaryimage\"},\"image\":{\"@id\":\"https:\/\/www.convention.qc.ca\/en\/about\/sustainability-commitment\/#primaryimage\"},\"thumbnailUrl\":\"https:\/\/www.convention.qc.ca\/wp-content\/uploads\/toit-vert-abeilles-498x290-1.jpg\",\"datePublished\":\"2023-02-01T21:37:37+00:00\",\"dateModified\":\"2025-10-24T16:18:31+00:00\",\"description\":\"Learn more on the Convention Centre's sustainability commitment and read its action plan and accountability report.\",\"breadcrumb\":{\"@id\":\"https:\/\/www.convention.qc.ca\/en\/about\/sustainability-commitment\/#breadcrumb\"},\"inLanguage\":\"en-US\",\"potentialAction\":[{\"@type\":\"ReadAction\",\"target\":[\"https:\/\/www.convention.qc.ca\/en\/about\/sustainability-commitment\/\"]}]},{\"@type\":\"ImageObject\",\"inLanguage\":\"en-US\",\"@id\":\"https:\/\/www.convention.qc.ca\/en\/about\/sustainability-commitment\/#primaryimage\",\"url\":\"https:\/\/www.convention.qc.ca\/wp-content\/uploads\/toit-vert-abeilles-498x290-1.jpg\",\"contentUrl\":\"https:\/\/www.convention.qc.ca\/wp-content\/uploads\/toit-vert-abeilles-498x290-1.jpg\",\"width\":498,\"height\":290},{\"@type\":\"BreadcrumbList\",\"@id\":\"https:\/\/www.convention.qc.ca\/en\/about\/sustainability-commitment\/#breadcrumb\",\"itemListElement\":[{\"@type\":\"ListItem\",\"position\":1,\"name\":\"Accueil\",\"item\":\"https:\/\/www.convention.qc.ca\/en\/\"},{\"@type\":\"ListItem\",\"position\":2,\"name\":\"About\",\"item\":\"https:\/\/www.convention.qc.ca\/en\/about\/\"},{\"@type\":\"ListItem\",\"position\":3,\"name\":\"Sustainability Commitment\"}]},{\"@type\":\"WebSite\",\"@id\":\"https:\/\/www.convention.qc.ca\/en\/#website\",\"url\":\"https:\/\/www.convention.qc.ca\/en\/\",\"name\":\"Centre des congr\u00e8s de Qu\u00e9bec\",\"description\":\"Convention and exhibition center in Quebec City\",\"publisher\":{\"@id\":\"https:\/\/www.convention.qc.ca\/en\/#organization\"},\"potentialAction\":[{\"@type\":\"SearchAction\",\"target\":{\"@type\":\"EntryPoint\",\"urlTemplate\":\"https:\/\/www.convention.qc.ca\/en\/?s={search_term_string}\"},\"query-input\":{\"@type\":\"PropertyValueSpecification\",\"valueRequired\":true,\"valueName\":\"search_term_string\"}}],\"inLanguage\":\"en-US\"},{\"@type\":\"Organization\",\"@id\":\"https:\/\/www.convention.qc.ca\/en\/#organization\",\"name\":\"Centre des congr\u00e8s de Qu\u00e9bec\",\"url\":\"https:\/\/www.convention.qc.ca\/en\/\",\"logo\":{\"@type\":\"ImageObject\",\"inLanguage\":\"en-US\",\"@id\":\"https:\/\/www.convention.qc.ca\/en\/#\/schema\/logo\/image\/\",\"url\":\"https:\/\/www.convention.qc.ca\/wp-content\/uploads\/poster.png\",\"contentUrl\":\"https:\/\/www.convention.qc.ca\/wp-content\/uploads\/poster.png\",\"width\":1200,\"height\":630,\"caption\":\"Centre des congr\u00e8s de Qu\u00e9bec\"},\"image\":{\"@id\":\"https:\/\/www.convention.qc.ca\/en\/#\/schema\/logo\/image\/\"},\"sameAs\":[\"https:\/\/www.facebook.com\/congresquebec\/\",\"https:\/\/x.com\/quebeccongres\",\"https:\/\/www.instagram.com\/quebeccongres\/\",\"https:\/\/www.linkedin.com\/company\/congresquebec\"]}]}<\/script>\n<!-- \/ Yoast SEO plugin. -->","yoast_head_json":{"title":"Sustainability Commitment | Qu\u00e9bec City Convention Centre","description":"Learn more on the Convention Centre's sustainability commitment and read its action plan and accountability report.","robots":{"index":"index","follow":"follow","max-snippet":"max-snippet:-1","max-image-preview":"max-image-preview:large","max-video-preview":"max-video-preview:-1"},"canonical":"https:\/\/www.convention.qc.ca\/en\/about\/sustainability-commitment\/","og_locale":"en_US","og_type":"article","og_title":"Sustainability Commitment | Qu\u00e9bec City Convention Centre","og_description":"Learn more on the Convention Centre's sustainability commitment and read its action plan and accountability report.","og_url":"https:\/\/www.convention.qc.ca\/en\/about\/sustainability-commitment\/","og_site_name":"Qu\u00e9bec City Convention Centre","article_publisher":"https:\/\/www.facebook.com\/congresquebec\/","article_modified_time":"2025-10-24T16:18:31+00:00","og_image":[{"width":498,"height":290,"url":"https:\/\/www.convention.qc.ca\/wp-content\/uploads\/toit-vert-abeilles-498x290-1.jpg","type":"image\/jpeg"}],"twitter_card":"summary_large_image","twitter_site":"@quebeccongres","twitter_misc":{"Est. reading time":"2 minutes"},"schema":{"@context":"https:\/\/schema.org","@graph":[{"@type":"WebPage","@id":"https:\/\/www.convention.qc.ca\/en\/about\/sustainability-commitment\/","url":"https:\/\/www.convention.qc.ca\/en\/about\/sustainability-commitment\/","name":"Sustainability Commitment | Qu\u00e9bec City Convention Centre","isPartOf":{"@id":"https:\/\/www.convention.qc.ca\/en\/#website"},"primaryImageOfPage":{"@id":"https:\/\/www.convention.qc.ca\/en\/about\/sustainability-commitment\/#primaryimage"},"image":{"@id":"https:\/\/www.convention.qc.ca\/en\/about\/sustainability-commitment\/#primaryimage"},"thumbnailUrl":"https:\/\/www.convention.qc.ca\/wp-content\/uploads\/toit-vert-abeilles-498x290-1.jpg","datePublished":"2023-02-01T21:37:37+00:00","dateModified":"2025-10-24T16:18:31+00:00","description":"Learn more on the Convention Centre's sustainability commitment and read its action plan and accountability report.","breadcrumb":{"@id":"https:\/\/www.convention.qc.ca\/en\/about\/sustainability-commitment\/#breadcrumb"},"inLanguage":"en-US","potentialAction":[{"@type":"ReadAction","target":["https:\/\/www.convention.qc.ca\/en\/about\/sustainability-commitment\/"]}]},{"@type":"ImageObject","inLanguage":"en-US","@id":"https:\/\/www.convention.qc.ca\/en\/about\/sustainability-commitment\/#primaryimage","url":"https:\/\/www.convention.qc.ca\/wp-content\/uploads\/toit-vert-abeilles-498x290-1.jpg","contentUrl":"https:\/\/www.convention.qc.ca\/wp-content\/uploads\/toit-vert-abeilles-498x290-1.jpg","width":498,"height":290},{"@type":"BreadcrumbList","@id":"https:\/\/www.convention.qc.ca\/en\/about\/sustainability-commitment\/#breadcrumb","itemListElement":[{"@type":"ListItem","position":1,"name":"Accueil","item":"https:\/\/www.convention.qc.ca\/en\/"},{"@type":"ListItem","position":2,"name":"About","item":"https:\/\/www.convention.qc.ca\/en\/about\/"},{"@type":"ListItem","position":3,"name":"Sustainability Commitment"}]},{"@type":"WebSite","@id":"https:\/\/www.convention.qc.ca\/en\/#website","url":"https:\/\/www.convention.qc.ca\/en\/","name":"Centre des congr\u00e8s de Qu\u00e9bec","description":"Convention and exhibition center in Quebec City","publisher":{"@id":"https:\/\/www.convention.qc.ca\/en\/#organization"},"potentialAction":[{"@type":"SearchAction","target":{"@type":"EntryPoint","urlTemplate":"https:\/\/www.convention.qc.ca\/en\/?s={search_term_string}"},"query-input":{"@type":"PropertyValueSpecification","valueRequired":true,"valueName":"search_term_string"}}],"inLanguage":"en-US"},{"@type":"Organization","@id":"https:\/\/www.convention.qc.ca\/en\/#organization","name":"Centre des congr\u00e8s de Qu\u00e9bec","url":"https:\/\/www.convention.qc.ca\/en\/","logo":{"@type":"ImageObject","inLanguage":"en-US","@id":"https:\/\/www.convention.qc.ca\/en\/#\/schema\/logo\/image\/","url":"https:\/\/www.convention.qc.ca\/wp-content\/uploads\/poster.png","contentUrl":"https:\/\/www.convention.qc.ca\/wp-content\/uploads\/poster.png","width":1200,"height":630,"caption":"Centre des congr\u00e8s de Qu\u00e9bec"},"image":{"@id":"https:\/\/www.convention.qc.ca\/en\/#\/schema\/logo\/image\/"},"sameAs":["https:\/\/www.facebook.com\/congresquebec\/","https:\/\/x.com\/quebeccongres","https:\/\/www.instagram.com\/quebeccongres\/","https:\/\/www.linkedin.com\/company\/congresquebec"]}]}},"_links":{"self":[{"href":"https:\/\/www.convention.qc.ca\/en\/wp-json\/wp\/v2\/pages\/5531","targetHints":{"allow":["GET"]}}],"collection":[{"href":"https:\/\/www.convention.qc.ca\/en\/wp-json\/wp\/v2\/pages"}],"about":[{"href":"https:\/\/www.convention.qc.ca\/en\/wp-json\/wp\/v2\/types\/page"}],"author":[{"embeddable":true,"href":"https:\/\/www.convention.qc.ca\/en\/wp-json\/wp\/v2\/users\/1"}],"replies":[{"embeddable":true,"href":"https:\/\/www.convention.qc.ca\/en\/wp-json\/wp\/v2\/comments?post=5531"}],"version-history":[{"count":23,"href":"https:\/\/www.convention.qc.ca\/en\/wp-json\/wp\/v2\/pages\/5531\/revisions"}],"predecessor-version":[{"id":19521,"href":"https:\/\/www.convention.qc.ca\/en\/wp-json\/wp\/v2\/pages\/5531\/revisions\/19521"}],"up":[{"embeddable":true,"href":"https:\/\/www.convention.qc.ca\/en\/wp-json\/wp\/v2\/pages\/5274"}],"wp:featuredmedia":[{"embeddable":true,"href":"https:\/\/www.convention.qc.ca\/en\/wp-json\/wp\/v2\/media\/6983"}],"wp:attachment":[{"href":"https:\/\/www.convention.qc.ca\/en\/wp-json\/wp\/v2\/media?parent=5531"}],"curies":[{"name":"wp","href":"https:\/\/api.w.org\/{rel}","templated":true}]}}