{"id":5529,"date":"2023-02-01T16:37:09","date_gmt":"2023-02-01T21:37:09","guid":{"rendered":"https:\/\/www.convention.qc.ca\/?page_id=5529"},"modified":"2025-10-02T10:34:16","modified_gmt":"2025-10-02T14:34:16","slug":"mission-vision-structure","status":"publish","type":"page","link":"https:\/\/www.convention.qc.ca\/en\/about\/mission-vision-structure\/","title":{"rendered":"Mission, Vision and Structure"},"content":{"rendered":"<div  class=\"item wysiwyg component-heading component-no-padding \" ><div class=\"container\">\n<h2 class=\"wp-block-heading\">Our Mission<\/h2>\n<\/div><\/div>\n\n<div  class=\"item wysiwyg component-paragraph component-no-padding \" ><div class=\"container\">\n<p>The <em>Soci\u00e9t\u00e9 du Centre des congr\u00e8s de Qu\u00e9bec<\/em>\u2019s mission is to host conventions and major events in a world-class facility, with outstanding service delivery, in order to maximize their economic, tourism, intellectual and social impact.<\/p>\n<\/div><\/div>\n\n<div  class=\"item wysiwyg component-heading component-no-padding \" ><div class=\"container\">\n<h2 class=\"wp-block-heading\">Our Vision<\/h2>\n<\/div><\/div>\n\n<div  class=\"item wysiwyg component-paragraph component-no-padding \" ><div class=\"container\">\n<p>To be a model of excellence and innovation among convention centres here and abroad.<\/p>\n<\/div><\/div>\n\n<div  class=\"item wysiwyg component-heading component-no-padding \" ><div class=\"container\">\n<h2 class=\"wp-block-heading\">Our Structure<\/h2>\n<\/div><\/div>\n\n<div  class=\"item wysiwyg component-columns\"><div class=\"container\" >\n<div class=\"wp-block-columns is-layout-flex wp-container-core-columns-is-layout-9d6595d7 wp-block-columns-is-layout-flex\">\n<div class=\"wp-block-column is-layout-flow wp-block-column-is-layout-flow\"><div  class=\"item wysiwyg component-paragraph component-no-padding \" ><div class=\"container\">\n<p>As a government corporation, SCCQ is managed by a&nbsp;<a href=\"https:\/\/www.convention.qc.ca\/en\/about\/governance-board-directors\/\">board of directors<\/a>&nbsp;that oversees operations and charts the Convention Centre\u2019s broad strategic orientation.<\/p>\n<\/div><\/div>\n\n<div  class=\"item wysiwyg component-paragraph component-no-padding \" ><div class=\"container\">\n<p>SCCQ\u2019s lean structure consists of 70 employees supervised by a&nbsp;<a href=\"https:\/\/www.convention.qc.ca\/en\/about\/management-team\/\">management team<\/a>.<\/p>\n<\/div><\/div>\n\n<div  class=\"item wysiwyg component-paragraph component-no-padding \" ><div class=\"container\">\n<p>SCCQ contracts out extensively to local suppliers of goods and services, adding value and generating spinoffs for the Qu\u00e9bec City area. In this model, 90% of client services are provided by partners or subcontractors.<\/p>\n<\/div><\/div><\/div>\n\n\n\n<div class=\"wp-block-column is-layout-flow wp-block-column-is-layout-flow\"><div  class=\"item wysiwyg component-paragraph component-no-padding \" ><div class=\"container\">\n<p>Our partner suppliers:<\/p>\n<\/div><\/div>\n\n<div  class=\"item wysiwyg component-list component-no-padding \" ><div class=\"container\">\n<ul class=\"wp-block-list\">\n<li><a href=\"https:\/\/www.convention.qc.ca\/en\/event-planners\/services\/food-and-beverage\/\">Maestro Culinaire<\/a>, food and beverage<\/li>\n\n\n\n<li><a href=\"https:\/\/www.convention.qc.ca\/en\/event-planners\/services\/audiovisual-services\/\">Encore<\/a>, audiovisual, internet and computer rentals<\/li>\n\n\n\n<li><a href=\"https:\/\/www.convention.qc.ca\/en\/event-planners\/services\/security-greeting-additional-staff\/\">Garda SENC (TalentWorld)<\/a>, greeting services<\/li>\n\n\n\n<li><a href=\"https:\/\/gdi.com\/\" target=\"_blank\" rel=\"noreferrer noopener\">GDI Services<\/a>&nbsp;(Qu\u00e9bec), material handling and room setup<\/li>\n\n\n\n<li><a href=\"https:\/\/opsis.com\/\" target=\"_blank\" rel=\"noreferrer noopener\">OPSIS<\/a>, building management<\/li>\n\n\n\n<li><a href=\"https:\/\/www.convention.qc.ca\/en\/event-planners\/services\/security-greeting-additional-staff\/\">GardaWorld<\/a>, security<\/li>\n\n\n\n<li><a href=\"https:\/\/gdi.com\/\" target=\"_blank\" rel=\"noreferrer noopener\">GDI Services aux immeubles<\/a>, housekeeping<\/li>\n<\/ul>\n<\/div><\/div><\/div>\n<\/div>\n<\/div><\/div>","protected":false},"excerpt":{"rendered":"Learn more on the Convention Centre&#8217;s mission, vision and organizational structure.","protected":false},"author":1,"featured_media":0,"parent":5274,"menu_order":2,"comment_status":"closed","ping_status":"closed","template":"","meta":{"_acf_changed":false,"footnotes":""},"class_list":["post-5529","page","type-page","status-publish","hentry"],"acf":[],"yoast_head":"<!-- This site is optimized with the Yoast SEO plugin v26.7 - https:\/\/yoast.com\/wordpress\/plugins\/seo\/ -->\n<title>Mission, Vision and Structure | Qu\u00e9bec City Convention Centre<\/title>\n<meta name=\"description\" content=\"Learn more on the Convention Centre&#039;s mission, vision and organizational structure.\" \/>\n<meta name=\"robots\" content=\"index, follow, max-snippet:-1, max-image-preview:large, max-video-preview:-1\" \/>\n<link rel=\"canonical\" href=\"https:\/\/www.convention.qc.ca\/en\/about\/mission-vision-structure\/\" \/>\n<meta property=\"og:locale\" content=\"en_US\" \/>\n<meta property=\"og:type\" content=\"article\" \/>\n<meta property=\"og:title\" content=\"Mission, Vision and Structure | Qu\u00e9bec City Convention Centre\" \/>\n<meta property=\"og:description\" content=\"Learn more on the Convention Centre&#039;s mission, vision and organizational structure.\" \/>\n<meta property=\"og:url\" content=\"https:\/\/www.convention.qc.ca\/en\/about\/mission-vision-structure\/\" \/>\n<meta property=\"og:site_name\" content=\"Qu\u00e9bec City Convention Centre\" \/>\n<meta property=\"article:publisher\" content=\"https:\/\/www.facebook.com\/congresquebec\/\" \/>\n<meta property=\"article:modified_time\" content=\"2025-10-02T14:34:16+00:00\" \/>\n<meta property=\"og:image\" content=\"https:\/\/www.convention.qc.ca\/wp-content\/uploads\/poster.png\" \/>\n\t<meta property=\"og:image:width\" content=\"1200\" \/>\n\t<meta property=\"og:image:height\" content=\"630\" \/>\n\t<meta property=\"og:image:type\" content=\"image\/png\" \/>\n<meta name=\"twitter:card\" content=\"summary_large_image\" \/>\n<meta name=\"twitter:site\" content=\"@quebeccongres\" \/>\n<meta name=\"twitter:label1\" content=\"Est. reading time\" \/>\n\t<meta name=\"twitter:data1\" content=\"1 minute\" \/>\n<script type=\"application\/ld+json\" class=\"yoast-schema-graph\">{\"@context\":\"https:\/\/schema.org\",\"@graph\":[{\"@type\":\"WebPage\",\"@id\":\"https:\/\/www.convention.qc.ca\/en\/about\/mission-vision-structure\/\",\"url\":\"https:\/\/www.convention.qc.ca\/en\/about\/mission-vision-structure\/\",\"name\":\"Mission, Vision and Structure | Qu\u00e9bec City Convention Centre\",\"isPartOf\":{\"@id\":\"https:\/\/www.convention.qc.ca\/en\/#website\"},\"datePublished\":\"2023-02-01T21:37:09+00:00\",\"dateModified\":\"2025-10-02T14:34:16+00:00\",\"description\":\"Learn more on the Convention Centre's mission, vision and organizational structure.\",\"breadcrumb\":{\"@id\":\"https:\/\/www.convention.qc.ca\/en\/about\/mission-vision-structure\/#breadcrumb\"},\"inLanguage\":\"en-US\",\"potentialAction\":[{\"@type\":\"ReadAction\",\"target\":[\"https:\/\/www.convention.qc.ca\/en\/about\/mission-vision-structure\/\"]}]},{\"@type\":\"BreadcrumbList\",\"@id\":\"https:\/\/www.convention.qc.ca\/en\/about\/mission-vision-structure\/#breadcrumb\",\"itemListElement\":[{\"@type\":\"ListItem\",\"position\":1,\"name\":\"Accueil\",\"item\":\"https:\/\/www.convention.qc.ca\/en\/\"},{\"@type\":\"ListItem\",\"position\":2,\"name\":\"About\",\"item\":\"https:\/\/www.convention.qc.ca\/en\/about\/\"},{\"@type\":\"ListItem\",\"position\":3,\"name\":\"Mission, Vision and Structure\"}]},{\"@type\":\"WebSite\",\"@id\":\"https:\/\/www.convention.qc.ca\/en\/#website\",\"url\":\"https:\/\/www.convention.qc.ca\/en\/\",\"name\":\"Centre des congr\u00e8s de Qu\u00e9bec\",\"description\":\"Convention and exhibition center in Quebec City\",\"publisher\":{\"@id\":\"https:\/\/www.convention.qc.ca\/en\/#organization\"},\"potentialAction\":[{\"@type\":\"SearchAction\",\"target\":{\"@type\":\"EntryPoint\",\"urlTemplate\":\"https:\/\/www.convention.qc.ca\/en\/?s={search_term_string}\"},\"query-input\":{\"@type\":\"PropertyValueSpecification\",\"valueRequired\":true,\"valueName\":\"search_term_string\"}}],\"inLanguage\":\"en-US\"},{\"@type\":\"Organization\",\"@id\":\"https:\/\/www.convention.qc.ca\/en\/#organization\",\"name\":\"Centre des congr\u00e8s de Qu\u00e9bec\",\"url\":\"https:\/\/www.convention.qc.ca\/en\/\",\"logo\":{\"@type\":\"ImageObject\",\"inLanguage\":\"en-US\",\"@id\":\"https:\/\/www.convention.qc.ca\/en\/#\/schema\/logo\/image\/\",\"url\":\"https:\/\/www.convention.qc.ca\/wp-content\/uploads\/poster.png\",\"contentUrl\":\"https:\/\/www.convention.qc.ca\/wp-content\/uploads\/poster.png\",\"width\":1200,\"height\":630,\"caption\":\"Centre des congr\u00e8s de Qu\u00e9bec\"},\"image\":{\"@id\":\"https:\/\/www.convention.qc.ca\/en\/#\/schema\/logo\/image\/\"},\"sameAs\":[\"https:\/\/www.facebook.com\/congresquebec\/\",\"https:\/\/x.com\/quebeccongres\",\"https:\/\/www.instagram.com\/quebeccongres\/\",\"https:\/\/www.linkedin.com\/company\/congresquebec\"]}]}<\/script>\n<!-- \/ Yoast SEO plugin. -->","yoast_head_json":{"title":"Mission, Vision and Structure | Qu\u00e9bec City Convention Centre","description":"Learn more on the Convention Centre's mission, vision and organizational structure.","robots":{"index":"index","follow":"follow","max-snippet":"max-snippet:-1","max-image-preview":"max-image-preview:large","max-video-preview":"max-video-preview:-1"},"canonical":"https:\/\/www.convention.qc.ca\/en\/about\/mission-vision-structure\/","og_locale":"en_US","og_type":"article","og_title":"Mission, Vision and Structure | Qu\u00e9bec City Convention Centre","og_description":"Learn more on the Convention Centre's mission, vision and organizational structure.","og_url":"https:\/\/www.convention.qc.ca\/en\/about\/mission-vision-structure\/","og_site_name":"Qu\u00e9bec City Convention Centre","article_publisher":"https:\/\/www.facebook.com\/congresquebec\/","article_modified_time":"2025-10-02T14:34:16+00:00","og_image":[{"width":1200,"height":630,"url":"https:\/\/www.convention.qc.ca\/wp-content\/uploads\/poster.png","type":"image\/png"}],"twitter_card":"summary_large_image","twitter_site":"@quebeccongres","twitter_misc":{"Est. reading time":"1 minute"},"schema":{"@context":"https:\/\/schema.org","@graph":[{"@type":"WebPage","@id":"https:\/\/www.convention.qc.ca\/en\/about\/mission-vision-structure\/","url":"https:\/\/www.convention.qc.ca\/en\/about\/mission-vision-structure\/","name":"Mission, Vision and Structure | Qu\u00e9bec City Convention Centre","isPartOf":{"@id":"https:\/\/www.convention.qc.ca\/en\/#website"},"datePublished":"2023-02-01T21:37:09+00:00","dateModified":"2025-10-02T14:34:16+00:00","description":"Learn more on the Convention Centre's mission, vision and organizational structure.","breadcrumb":{"@id":"https:\/\/www.convention.qc.ca\/en\/about\/mission-vision-structure\/#breadcrumb"},"inLanguage":"en-US","potentialAction":[{"@type":"ReadAction","target":["https:\/\/www.convention.qc.ca\/en\/about\/mission-vision-structure\/"]}]},{"@type":"BreadcrumbList","@id":"https:\/\/www.convention.qc.ca\/en\/about\/mission-vision-structure\/#breadcrumb","itemListElement":[{"@type":"ListItem","position":1,"name":"Accueil","item":"https:\/\/www.convention.qc.ca\/en\/"},{"@type":"ListItem","position":2,"name":"About","item":"https:\/\/www.convention.qc.ca\/en\/about\/"},{"@type":"ListItem","position":3,"name":"Mission, Vision and Structure"}]},{"@type":"WebSite","@id":"https:\/\/www.convention.qc.ca\/en\/#website","url":"https:\/\/www.convention.qc.ca\/en\/","name":"Centre des congr\u00e8s de Qu\u00e9bec","description":"Convention and exhibition center in Quebec City","publisher":{"@id":"https:\/\/www.convention.qc.ca\/en\/#organization"},"potentialAction":[{"@type":"SearchAction","target":{"@type":"EntryPoint","urlTemplate":"https:\/\/www.convention.qc.ca\/en\/?s={search_term_string}"},"query-input":{"@type":"PropertyValueSpecification","valueRequired":true,"valueName":"search_term_string"}}],"inLanguage":"en-US"},{"@type":"Organization","@id":"https:\/\/www.convention.qc.ca\/en\/#organization","name":"Centre des congr\u00e8s de Qu\u00e9bec","url":"https:\/\/www.convention.qc.ca\/en\/","logo":{"@type":"ImageObject","inLanguage":"en-US","@id":"https:\/\/www.convention.qc.ca\/en\/#\/schema\/logo\/image\/","url":"https:\/\/www.convention.qc.ca\/wp-content\/uploads\/poster.png","contentUrl":"https:\/\/www.convention.qc.ca\/wp-content\/uploads\/poster.png","width":1200,"height":630,"caption":"Centre des congr\u00e8s de Qu\u00e9bec"},"image":{"@id":"https:\/\/www.convention.qc.ca\/en\/#\/schema\/logo\/image\/"},"sameAs":["https:\/\/www.facebook.com\/congresquebec\/","https:\/\/x.com\/quebeccongres","https:\/\/www.instagram.com\/quebeccongres\/","https:\/\/www.linkedin.com\/company\/congresquebec"]}]}},"_links":{"self":[{"href":"https:\/\/www.convention.qc.ca\/en\/wp-json\/wp\/v2\/pages\/5529","targetHints":{"allow":["GET"]}}],"collection":[{"href":"https:\/\/www.convention.qc.ca\/en\/wp-json\/wp\/v2\/pages"}],"about":[{"href":"https:\/\/www.convention.qc.ca\/en\/wp-json\/wp\/v2\/types\/page"}],"author":[{"embeddable":true,"href":"https:\/\/www.convention.qc.ca\/en\/wp-json\/wp\/v2\/users\/1"}],"replies":[{"embeddable":true,"href":"https:\/\/www.convention.qc.ca\/en\/wp-json\/wp\/v2\/comments?post=5529"}],"version-history":[{"count":11,"href":"https:\/\/www.convention.qc.ca\/en\/wp-json\/wp\/v2\/pages\/5529\/revisions"}],"predecessor-version":[{"id":19409,"href":"https:\/\/www.convention.qc.ca\/en\/wp-json\/wp\/v2\/pages\/5529\/revisions\/19409"}],"up":[{"embeddable":true,"href":"https:\/\/www.convention.qc.ca\/en\/wp-json\/wp\/v2\/pages\/5274"}],"wp:attachment":[{"href":"https:\/\/www.convention.qc.ca\/en\/wp-json\/wp\/v2\/media?parent=5529"}],"curies":[{"name":"wp","href":"https:\/\/api.w.org\/{rel}","templated":true}]}}