{"id":5510,"date":"2023-02-01T16:32:19","date_gmt":"2023-02-01T21:32:19","guid":{"rendered":"https:\/\/www.convention.qc.ca\/?page_id=5510"},"modified":"2025-03-14T16:52:34","modified_gmt":"2025-03-14T20:52:34","slug":"frequently-asked-questions","status":"publish","type":"page","link":"https:\/\/www.convention.qc.ca\/en\/plan-visit\/frequently-asked-questions\/","title":{"rendered":"Frequently Asked Questions For Visitors"},"content":{"rendered":"\n<div  class=\"item component-drawers\">\n    <div class=\"container\">\n        <section class=\"block-drawers\">\n            \n                        <div class=\"block-drawers__list\" role=\"list\">\n                                <div class=\"block-drawers__item js-a11y-drawer\" role=\"listitem\">\n                                            <h2 class=\"block-drawers__item__title\" data-a11y-toggle> <button class=\"block-drawers__item__toggle\" aria-expanded=\"false\" aria-controls=\"accordion-panel-1\">Where can I find information about events at the Centre?<\/button><\/h2>\n                    \n                    <div id=\"accordion-panel-1\" class=\"block-drawers__item__content wysiwyg\" data-a11y-target hidden>\n                        <p>See our <a href=\"https:\/\/www.convention.qc.ca\/en\/event-calendar\/\">calendar of events<\/a> for all non-confidential events.<\/p>\n                    <\/div>\n                <\/div>\n                                <div class=\"block-drawers__item js-a11y-drawer\" role=\"listitem\">\n                                            <h2 class=\"block-drawers__item__title\" data-a11y-toggle> <button class=\"block-drawers__item__toggle\" aria-expanded=\"false\" aria-controls=\"accordion-panel-2\">Is there WiFi?<\/button><\/h2>\n                    \n                    <div id=\"accordion-panel-2\" class=\"block-drawers__item__content wysiwyg\" data-a11y-target hidden>\n                        <p>The Qu\u00e9bec City Convention Centre is proud to offer free wireless Internet. See the <a href=\"https:\/\/www.convention.qc.ca\/en\/plan-visit\/free-wifi\/\">Free WiFi<\/a> section for details.<\/p>\n                    <\/div>\n                <\/div>\n                                <div class=\"block-drawers__item js-a11y-drawer\" role=\"listitem\">\n                                            <h2 class=\"block-drawers__item__title\" data-a11y-toggle> <button class=\"block-drawers__item__toggle\" aria-expanded=\"false\" aria-controls=\"accordion-panel-3\">What are the nearest hotels to the Convention Centre?<\/button><\/h2>\n                    \n                    <div id=\"accordion-panel-3\" class=\"block-drawers__item__content wysiwyg\" data-a11y-target hidden>\n                        <p>An indoor passageway connects the Qu\u00e9bec City Convention Centre to the Hilton Qu\u00e9bec and Delta Qu\u00e9bec hotels. To learn about the full range of accommodation options near the Centre, see our <a href=\"https:\/\/www.convention.qc.ca\/en\/plan-visit\/accommodation-restaurants\/\">Accommodation<\/a> page.<\/p>\n                    <\/div>\n                <\/div>\n                                <div class=\"block-drawers__item js-a11y-drawer\" role=\"listitem\">\n                                            <h2 class=\"block-drawers__item__title\" data-a11y-toggle> <button class=\"block-drawers__item__toggle\" aria-expanded=\"false\" aria-controls=\"accordion-panel-4\">How do I get to the Convention Centre?<\/button><\/h2>\n                    \n                    <div id=\"accordion-panel-4\" class=\"block-drawers__item__content wysiwyg\" data-a11y-target hidden>\n                        <p>We\u2019re located in downtown Qu\u00e9bec City, so getting here is a breeze! You\u2019ll find all the information you need in the <a href=\"https:\/\/www.convention.qc.ca\/en\/plan-visit\/getting-here\/\">Getting Here<\/a> page.<\/p>\n                    <\/div>\n                <\/div>\n                                <div class=\"block-drawers__item js-a11y-drawer\" role=\"listitem\">\n                                            <h2 class=\"block-drawers__item__title\" data-a11y-toggle> <button class=\"block-drawers__item__toggle\" aria-expanded=\"false\" aria-controls=\"accordion-panel-5\">How much is parking?<\/button><\/h2>\n                    \n                    <div id=\"accordion-panel-5\" class=\"block-drawers__item__content wysiwyg\" data-a11y-target hidden>\n                        <p>The parking lots at the Qu\u00e9bec City Convention Centre are managed by Gesparc and Soci\u00e9t\u00e9 ParcAuto du Qu\u00e9bec. For rates, see the <a href=\"https:\/\/www.convention.qc.ca\/en\/plan-visit\/getting-here\/\">Getting Here<\/a> page.<\/p>\n                    <\/div>\n                <\/div>\n                                <div class=\"block-drawers__item js-a11y-drawer\" role=\"listitem\">\n                                            <h2 class=\"block-drawers__item__title\" data-a11y-toggle> <button class=\"block-drawers__item__toggle\" aria-expanded=\"false\" aria-controls=\"accordion-panel-6\">Do you have wheelchairs?<\/button><\/h2>\n                    \n                    <div id=\"accordion-panel-6\" class=\"block-drawers__item__content wysiwyg\" data-a11y-target hidden>\n                        <p>The Qu\u00e9bec City Convention Centre is <a href=\"https:\/\/www.convention.qc.ca\/en\/plan-visit\/accessibility-mobility-impairments\/\">fully accessible<\/a>. Wheelchairs are available upon request.<\/p>\n                    <\/div>\n                <\/div>\n                                <div class=\"block-drawers__item js-a11y-drawer\" role=\"listitem\">\n                                            <h2 class=\"block-drawers__item__title\" data-a11y-toggle> <button class=\"block-drawers__item__toggle\" aria-expanded=\"false\" aria-controls=\"accordion-panel-7\">Is there a breastfeeding\/nursing room?<\/button><\/h2>\n                    \n                    <div id=\"accordion-panel-7\" class=\"block-drawers__item__content wysiwyg\" data-a11y-target hidden>\n                        <p>A permanent breastfeeding\/nursing room is located on level 3 of the Qu\u00e9bec City Convention Centre, between Foyer 3 and Hall 300. It features three private cubicles with side tables and sofas, a changing table, a microwave, a diaper disposal bin, sanitizer, a water fountain with cups, and other amenities for your comfort.<\/p>\n                    <\/div>\n                <\/div>\n                                <div class=\"block-drawers__item js-a11y-drawer\" role=\"listitem\">\n                                            <h2 class=\"block-drawers__item__title\" data-a11y-toggle> <button class=\"block-drawers__item__toggle\" aria-expanded=\"false\" aria-controls=\"accordion-panel-8\">I lost something at the Centre, who can I contact for help?<\/button><\/h2>\n                    \n                    <div id=\"accordion-panel-8\" class=\"block-drawers__item__content wysiwyg\" data-a11y-target hidden>\n                        <p>We\u2019re sorry to hear that! Fill out the form on the <a href=\"https:\/\/www.convention.qc.ca\/en\/contact\/information-request\/\" target=\"_blank\" rel=\"noopener\">Contact<\/a> page and we will follow up with you shortly.<\/p>\n                    <\/div>\n                <\/div>\n                                <div class=\"block-drawers__item js-a11y-drawer\" role=\"listitem\">\n                                            <h2 class=\"block-drawers__item__title\" data-a11y-toggle> <button class=\"block-drawers__item__toggle\" aria-expanded=\"false\" aria-controls=\"accordion-panel-9\">Are dogs allowed at the Convention Centre?<\/button><\/h2>\n                    \n                    <div id=\"accordion-panel-9\" class=\"block-drawers__item__content wysiwyg\" data-a11y-target hidden>\n                        <p>Only service dogs are permitted at the Qu\u00e9bec City Convention Centre.<\/p>\n                    <\/div>\n                <\/div>\n                            <\/div>\n                    <\/section>\n    <\/div>\n<\/div>\n\n\n\n\n<div  class=\"item component-cta-banner \">\n    <section class=\"block-cta-banner js-a11y-block-link  block-cta-banner--with-picture block-cta-banner--is-dark\">\n        <div class=\"container\">\n            <div class=\"row\">\n                <div class=\"col-xs-12\">\n                    <div class=\"block-cta-banner__container\">\n                        <div class=\"block-cta-banner__content\">\n                                                            <h2 class=\"block-cta-banner__title\">Enjoy Your Badge<\/h2>\n                                                        \n                                                            <div class=\"block-cta-banner__text\">\n                                    <p>Get discounts and offers in Qu\u00e9bec City restaurants, attractions and stores.<\/p>\n                                <\/div>\n                            \n                                                            <a\n                                  class=\"block-cta-banner__link js-call-to-action-link\"\n                                  href=\"https:\/\/www.convention.qc.ca\/en\/plan-visit\/enjoy-your-badge-program\/\"\n                                  target=\"\"\n                                  data-a11y-link\n                                  data-name=\"Enjoy Your Badge\"\n                                  data-label=\"See Offers\"\n                                >\n                                    <span>See Offers<\/span>\n                                    <svg width=\"14px\" height=\"15px\" aria-hidden=\"true\" focusable=\"false\"><use xlink:href=\"#ico-arrow-right\"><\/use><\/svg>\n                                <\/a>\n                                                    <\/div>\n                    <\/div>\n                    \n                                            <div class=\"block-cta-banner__picture\">\n                            <img loading=\"lazy\" decoding=\"async\" width=\"2500\" height=\"1667\" src=\"https:\/\/www.convention.qc.ca\/wp-content\/uploads\/Montre-ton-badge-2023-02-WEB.jpg\" class=\"attachment-full size-full\" alt=\"Close up on table with a woman&#039;s hand holding a phone and a coffee cup. Enjoy your badge sticker with glasses and cookies are resting on the table.\" srcset=\"https:\/\/www.convention.qc.ca\/wp-content\/uploads\/Montre-ton-badge-2023-02-WEB.jpg 2500w, https:\/\/www.convention.qc.ca\/wp-content\/uploads\/Montre-ton-badge-2023-02-WEB-700x467.jpg 700w, https:\/\/www.convention.qc.ca\/wp-content\/uploads\/Montre-ton-badge-2023-02-WEB-1024x683.jpg 1024w, https:\/\/www.convention.qc.ca\/wp-content\/uploads\/Montre-ton-badge-2023-02-WEB-768x512.jpg 768w, https:\/\/www.convention.qc.ca\/wp-content\/uploads\/Montre-ton-badge-2023-02-WEB-1536x1024.jpg 1536w, https:\/\/www.convention.qc.ca\/wp-content\/uploads\/Montre-ton-badge-2023-02-WEB-2048x1366.jpg 2048w, https:\/\/www.convention.qc.ca\/wp-content\/uploads\/Montre-ton-badge-2023-02-WEB-400x267.jpg 400w\" sizes=\"auto, (max-width: 2500px) 100vw, 2500px\" \/>                        <\/div>\n                                    <\/div>\n            <\/div>\n        <\/div>\n    <\/section>\n<\/div>","protected":false},"excerpt":{"rendered":"As your visit to the Qu\u00e9bec City Convention Centre approaches, find all the answers to your questions! ","protected":false},"author":1,"featured_media":6657,"parent":5483,"menu_order":0,"comment_status":"closed","ping_status":"closed","template":"","meta":{"_acf_changed":false,"footnotes":""},"class_list":["post-5510","page","type-page","status-publish","has-post-thumbnail","hentry"],"acf":[],"yoast_head":"<!-- This site is optimized with the Yoast SEO plugin v26.7 - https:\/\/yoast.com\/wordpress\/plugins\/seo\/ -->\n<title>Frequently Asked Questions For Visitors | Qu\u00e9bec City Convention Centre<\/title>\n<meta name=\"description\" content=\"As your visit to the Qu\u00e9bec City Convention Centre approaches, find all the answers to your questions!\" \/>\n<meta name=\"robots\" content=\"index, follow, max-snippet:-1, max-image-preview:large, max-video-preview:-1\" \/>\n<link rel=\"canonical\" href=\"https:\/\/www.convention.qc.ca\/en\/plan-visit\/frequently-asked-questions\/\" \/>\n<meta property=\"og:locale\" content=\"en_US\" \/>\n<meta property=\"og:type\" content=\"article\" \/>\n<meta property=\"og:title\" content=\"Frequently Asked Questions For Visitors | Qu\u00e9bec City Convention Centre\" \/>\n<meta property=\"og:description\" content=\"As your visit to the Qu\u00e9bec City Convention Centre approaches, find all the answers to your questions!\" \/>\n<meta property=\"og:url\" content=\"https:\/\/www.convention.qc.ca\/en\/plan-visit\/frequently-asked-questions\/\" \/>\n<meta property=\"og:site_name\" content=\"Qu\u00e9bec City Convention Centre\" \/>\n<meta property=\"article:publisher\" content=\"https:\/\/www.facebook.com\/congresquebec\/\" \/>\n<meta property=\"article:modified_time\" content=\"2025-03-14T20:52:34+00:00\" \/>\n<meta property=\"og:image\" content=\"https:\/\/www.convention.qc.ca\/wp-content\/uploads\/atesser-equipe-contact-question-scaled-e1709136655339.jpg\" \/>\n\t<meta property=\"og:image:width\" content=\"2555\" \/>\n\t<meta property=\"og:image:height\" content=\"1429\" \/>\n\t<meta property=\"og:image:type\" content=\"image\/jpeg\" \/>\n<meta name=\"twitter:card\" content=\"summary_large_image\" \/>\n<meta name=\"twitter:site\" content=\"@quebeccongres\" \/>\n<meta name=\"twitter:label1\" content=\"Est. reading time\" \/>\n\t<meta name=\"twitter:data1\" content=\"1 minute\" \/>\n<script type=\"application\/ld+json\" class=\"yoast-schema-graph\">{\"@context\":\"https:\/\/schema.org\",\"@graph\":[{\"@type\":\"WebPage\",\"@id\":\"https:\/\/www.convention.qc.ca\/en\/plan-visit\/frequently-asked-questions\/\",\"url\":\"https:\/\/www.convention.qc.ca\/en\/plan-visit\/frequently-asked-questions\/\",\"name\":\"Frequently Asked Questions For Visitors | Qu\u00e9bec City Convention Centre\",\"isPartOf\":{\"@id\":\"https:\/\/www.convention.qc.ca\/en\/#website\"},\"primaryImageOfPage\":{\"@id\":\"https:\/\/www.convention.qc.ca\/en\/plan-visit\/frequently-asked-questions\/#primaryimage\"},\"image\":{\"@id\":\"https:\/\/www.convention.qc.ca\/en\/plan-visit\/frequently-asked-questions\/#primaryimage\"},\"thumbnailUrl\":\"https:\/\/www.convention.qc.ca\/wp-content\/uploads\/atesser-equipe-contact-question-scaled-e1709136655339.jpg\",\"datePublished\":\"2023-02-01T21:32:19+00:00\",\"dateModified\":\"2025-03-14T20:52:34+00:00\",\"description\":\"As your visit to the Qu\u00e9bec City Convention Centre approaches, find all the answers to your questions!\",\"breadcrumb\":{\"@id\":\"https:\/\/www.convention.qc.ca\/en\/plan-visit\/frequently-asked-questions\/#breadcrumb\"},\"inLanguage\":\"en-US\",\"potentialAction\":[{\"@type\":\"ReadAction\",\"target\":[\"https:\/\/www.convention.qc.ca\/en\/plan-visit\/frequently-asked-questions\/\"]}]},{\"@type\":\"ImageObject\",\"inLanguage\":\"en-US\",\"@id\":\"https:\/\/www.convention.qc.ca\/en\/plan-visit\/frequently-asked-questions\/#primaryimage\",\"url\":\"https:\/\/www.convention.qc.ca\/wp-content\/uploads\/atesser-equipe-contact-question-scaled-e1709136655339.jpg\",\"contentUrl\":\"https:\/\/www.convention.qc.ca\/wp-content\/uploads\/atesser-equipe-contact-question-scaled-e1709136655339.jpg\",\"width\":2555,\"height\":1429,\"caption\":\"Aline Tesser qui r\u00e9pond \u00e0 des questions lors d'un \u00e9v\u00e9nement.\"},{\"@type\":\"BreadcrumbList\",\"@id\":\"https:\/\/www.convention.qc.ca\/en\/plan-visit\/frequently-asked-questions\/#breadcrumb\",\"itemListElement\":[{\"@type\":\"ListItem\",\"position\":1,\"name\":\"Accueil\",\"item\":\"https:\/\/www.convention.qc.ca\/en\/\"},{\"@type\":\"ListItem\",\"position\":2,\"name\":\"Plan Your Visit\",\"item\":\"https:\/\/www.convention.qc.ca\/en\/plan-visit\/\"},{\"@type\":\"ListItem\",\"position\":3,\"name\":\"Frequently Asked Questions For Visitors\"}]},{\"@type\":\"WebSite\",\"@id\":\"https:\/\/www.convention.qc.ca\/en\/#website\",\"url\":\"https:\/\/www.convention.qc.ca\/en\/\",\"name\":\"Centre des congr\u00e8s de Qu\u00e9bec\",\"description\":\"Convention and exhibition center in Quebec City\",\"publisher\":{\"@id\":\"https:\/\/www.convention.qc.ca\/en\/#organization\"},\"potentialAction\":[{\"@type\":\"SearchAction\",\"target\":{\"@type\":\"EntryPoint\",\"urlTemplate\":\"https:\/\/www.convention.qc.ca\/en\/?s={search_term_string}\"},\"query-input\":{\"@type\":\"PropertyValueSpecification\",\"valueRequired\":true,\"valueName\":\"search_term_string\"}}],\"inLanguage\":\"en-US\"},{\"@type\":\"Organization\",\"@id\":\"https:\/\/www.convention.qc.ca\/en\/#organization\",\"name\":\"Centre des congr\u00e8s de Qu\u00e9bec\",\"url\":\"https:\/\/www.convention.qc.ca\/en\/\",\"logo\":{\"@type\":\"ImageObject\",\"inLanguage\":\"en-US\",\"@id\":\"https:\/\/www.convention.qc.ca\/en\/#\/schema\/logo\/image\/\",\"url\":\"https:\/\/www.convention.qc.ca\/wp-content\/uploads\/poster.png\",\"contentUrl\":\"https:\/\/www.convention.qc.ca\/wp-content\/uploads\/poster.png\",\"width\":1200,\"height\":630,\"caption\":\"Centre des congr\u00e8s de Qu\u00e9bec\"},\"image\":{\"@id\":\"https:\/\/www.convention.qc.ca\/en\/#\/schema\/logo\/image\/\"},\"sameAs\":[\"https:\/\/www.facebook.com\/congresquebec\/\",\"https:\/\/x.com\/quebeccongres\",\"https:\/\/www.instagram.com\/quebeccongres\/\",\"https:\/\/www.linkedin.com\/company\/congresquebec\"]}]}<\/script>\n<!-- \/ Yoast SEO plugin. -->","yoast_head_json":{"title":"Frequently Asked Questions For Visitors | Qu\u00e9bec City Convention Centre","description":"As your visit to the Qu\u00e9bec City Convention Centre approaches, find all the answers to your questions!","robots":{"index":"index","follow":"follow","max-snippet":"max-snippet:-1","max-image-preview":"max-image-preview:large","max-video-preview":"max-video-preview:-1"},"canonical":"https:\/\/www.convention.qc.ca\/en\/plan-visit\/frequently-asked-questions\/","og_locale":"en_US","og_type":"article","og_title":"Frequently Asked Questions For Visitors | Qu\u00e9bec City Convention Centre","og_description":"As your visit to the Qu\u00e9bec City Convention Centre approaches, find all the answers to your questions!","og_url":"https:\/\/www.convention.qc.ca\/en\/plan-visit\/frequently-asked-questions\/","og_site_name":"Qu\u00e9bec City Convention Centre","article_publisher":"https:\/\/www.facebook.com\/congresquebec\/","article_modified_time":"2025-03-14T20:52:34+00:00","og_image":[{"width":2555,"height":1429,"url":"https:\/\/www.convention.qc.ca\/wp-content\/uploads\/atesser-equipe-contact-question-scaled-e1709136655339.jpg","type":"image\/jpeg"}],"twitter_card":"summary_large_image","twitter_site":"@quebeccongres","twitter_misc":{"Est. reading time":"1 minute"},"schema":{"@context":"https:\/\/schema.org","@graph":[{"@type":"WebPage","@id":"https:\/\/www.convention.qc.ca\/en\/plan-visit\/frequently-asked-questions\/","url":"https:\/\/www.convention.qc.ca\/en\/plan-visit\/frequently-asked-questions\/","name":"Frequently Asked Questions For Visitors | Qu\u00e9bec City Convention Centre","isPartOf":{"@id":"https:\/\/www.convention.qc.ca\/en\/#website"},"primaryImageOfPage":{"@id":"https:\/\/www.convention.qc.ca\/en\/plan-visit\/frequently-asked-questions\/#primaryimage"},"image":{"@id":"https:\/\/www.convention.qc.ca\/en\/plan-visit\/frequently-asked-questions\/#primaryimage"},"thumbnailUrl":"https:\/\/www.convention.qc.ca\/wp-content\/uploads\/atesser-equipe-contact-question-scaled-e1709136655339.jpg","datePublished":"2023-02-01T21:32:19+00:00","dateModified":"2025-03-14T20:52:34+00:00","description":"As your visit to the Qu\u00e9bec City Convention Centre approaches, find all the answers to your questions!","breadcrumb":{"@id":"https:\/\/www.convention.qc.ca\/en\/plan-visit\/frequently-asked-questions\/#breadcrumb"},"inLanguage":"en-US","potentialAction":[{"@type":"ReadAction","target":["https:\/\/www.convention.qc.ca\/en\/plan-visit\/frequently-asked-questions\/"]}]},{"@type":"ImageObject","inLanguage":"en-US","@id":"https:\/\/www.convention.qc.ca\/en\/plan-visit\/frequently-asked-questions\/#primaryimage","url":"https:\/\/www.convention.qc.ca\/wp-content\/uploads\/atesser-equipe-contact-question-scaled-e1709136655339.jpg","contentUrl":"https:\/\/www.convention.qc.ca\/wp-content\/uploads\/atesser-equipe-contact-question-scaled-e1709136655339.jpg","width":2555,"height":1429,"caption":"Aline Tesser qui r\u00e9pond \u00e0 des questions lors d'un \u00e9v\u00e9nement."},{"@type":"BreadcrumbList","@id":"https:\/\/www.convention.qc.ca\/en\/plan-visit\/frequently-asked-questions\/#breadcrumb","itemListElement":[{"@type":"ListItem","position":1,"name":"Accueil","item":"https:\/\/www.convention.qc.ca\/en\/"},{"@type":"ListItem","position":2,"name":"Plan Your Visit","item":"https:\/\/www.convention.qc.ca\/en\/plan-visit\/"},{"@type":"ListItem","position":3,"name":"Frequently Asked Questions For Visitors"}]},{"@type":"WebSite","@id":"https:\/\/www.convention.qc.ca\/en\/#website","url":"https:\/\/www.convention.qc.ca\/en\/","name":"Centre des congr\u00e8s de Qu\u00e9bec","description":"Convention and exhibition center in Quebec City","publisher":{"@id":"https:\/\/www.convention.qc.ca\/en\/#organization"},"potentialAction":[{"@type":"SearchAction","target":{"@type":"EntryPoint","urlTemplate":"https:\/\/www.convention.qc.ca\/en\/?s={search_term_string}"},"query-input":{"@type":"PropertyValueSpecification","valueRequired":true,"valueName":"search_term_string"}}],"inLanguage":"en-US"},{"@type":"Organization","@id":"https:\/\/www.convention.qc.ca\/en\/#organization","name":"Centre des congr\u00e8s de Qu\u00e9bec","url":"https:\/\/www.convention.qc.ca\/en\/","logo":{"@type":"ImageObject","inLanguage":"en-US","@id":"https:\/\/www.convention.qc.ca\/en\/#\/schema\/logo\/image\/","url":"https:\/\/www.convention.qc.ca\/wp-content\/uploads\/poster.png","contentUrl":"https:\/\/www.convention.qc.ca\/wp-content\/uploads\/poster.png","width":1200,"height":630,"caption":"Centre des congr\u00e8s de Qu\u00e9bec"},"image":{"@id":"https:\/\/www.convention.qc.ca\/en\/#\/schema\/logo\/image\/"},"sameAs":["https:\/\/www.facebook.com\/congresquebec\/","https:\/\/x.com\/quebeccongres","https:\/\/www.instagram.com\/quebeccongres\/","https:\/\/www.linkedin.com\/company\/congresquebec"]}]}},"_links":{"self":[{"href":"https:\/\/www.convention.qc.ca\/en\/wp-json\/wp\/v2\/pages\/5510","targetHints":{"allow":["GET"]}}],"collection":[{"href":"https:\/\/www.convention.qc.ca\/en\/wp-json\/wp\/v2\/pages"}],"about":[{"href":"https:\/\/www.convention.qc.ca\/en\/wp-json\/wp\/v2\/types\/page"}],"author":[{"embeddable":true,"href":"https:\/\/www.convention.qc.ca\/en\/wp-json\/wp\/v2\/users\/1"}],"replies":[{"embeddable":true,"href":"https:\/\/www.convention.qc.ca\/en\/wp-json\/wp\/v2\/comments?post=5510"}],"version-history":[{"count":28,"href":"https:\/\/www.convention.qc.ca\/en\/wp-json\/wp\/v2\/pages\/5510\/revisions"}],"predecessor-version":[{"id":18411,"href":"https:\/\/www.convention.qc.ca\/en\/wp-json\/wp\/v2\/pages\/5510\/revisions\/18411"}],"up":[{"embeddable":true,"href":"https:\/\/www.convention.qc.ca\/en\/wp-json\/wp\/v2\/pages\/5483"}],"wp:featuredmedia":[{"embeddable":true,"href":"https:\/\/www.convention.qc.ca\/en\/wp-json\/wp\/v2\/media\/6657"}],"wp:attachment":[{"href":"https:\/\/www.convention.qc.ca\/en\/wp-json\/wp\/v2\/media?parent=5510"}],"curies":[{"name":"wp","href":"https:\/\/api.w.org\/{rel}","templated":true}]}}