{"id":5434,"date":"2023-02-01T16:08:00","date_gmt":"2023-02-01T21:08:00","guid":{"rendered":"https:\/\/www.convention.qc.ca\/?page_id=5434"},"modified":"2025-10-06T16:17:06","modified_gmt":"2025-10-06T20:17:06","slug":"eco-friendly-event-tools-partners","status":"publish","type":"page","link":"https:\/\/www.convention.qc.ca\/en\/event-planners\/sustainability\/eco-friendly-event-tools-partners\/","title":{"rendered":"Practical Tools and Services for Event Eco-Responsibility"},"content":{"rendered":"\n<div  class=\"item component-cta-banner \">\n    <section class=\"block-cta-banner  block-cta-banner--is-reverse block-cta-banner--is-common block-cta-banner--is-light\">\n        <div class=\"container\">\n            <div class=\"row\">\n                <div class=\"col-xs-12\">\n                    <div class=\"block-cta-banner__container\">\n                        <div class=\"block-cta-banner__content\">\n                                                            <h2 class=\"block-cta-banner__title\">Practical Tools<\/h2>\n                                                        \n                                                            <div class=\"block-cta-banner__text\">\n                                    <ul>\n<li><a href=\"https:\/\/www.convention.qc.ca\/en\/sustainability\/plan-eco-friendly-event-commitment-communication\/\">Tips and tricks for organizing a sustainable event<\/a><\/li>\n<li><a href=\"https:\/\/www.quebec-cite.com\/en\/plan-your-trip-quebec-city\/carbon-footprint-offset\" target=\"_blank\" rel=\"noopener\">GHG calculator to offset your event\u2019s environmental footprint<\/a><\/li>\n<li><a href=\"https:\/\/www.convention.qc.ca\/en\/news\/free-tool-events-green-impact-sustainability-report\/\">Sustainability performance report for your event<\/a><\/li>\n<\/ul>\n                                <\/div>\n                            \n                                                    <\/div>\n                    <\/div>\n                    \n                                    <\/div>\n            <\/div>\n        <\/div>\n    <\/section>\n<\/div>\n\n<div  class=\"item wysiwyg component-paragraph component-no-padding \" ><div class=\"container\">\n<p><\/p>\n<\/div><\/div>\n\n<div  class=\"item wysiwyg component-heading component-no-padding \" ><div class=\"container\">\n<h2 class=\"wp-block-heading\"><strong><strong>Partners and Consulting Services<\/strong><\/strong><\/h2>\n<\/div><\/div>\n\n<div  class=\"item wysiwyg component-paragraph component-no-padding \" ><div class=\"container\">\n<p>Would you like to benefit from the services of a sustainable event management specialist? Do you want to offset your convention\u2019s environmental footprint and the greenhouse gas emissions from transportation? We work closely with organizations that can support you in your approach:&nbsp;<\/p>\n<\/div><\/div>\n\n<div  class=\"item wysiwyg component-columns\"><div class=\"container\" >\n<div class=\"wp-block-columns is-layout-flex wp-container-core-columns-is-layout-9d6595d7 wp-block-columns-is-layout-flex\">\n<div class=\"wp-block-column is-layout-flow wp-block-column-is-layout-flow\"><div  class=\"item wysiwyg component-list component-no-padding \" ><div class=\"container\">\n<ul class=\"wp-block-list\">\n<li><a href=\"https:\/\/evenementecoresponsable.com\/\" target=\"_blank\" rel=\"noreferrer noopener\">Conseil qu\u00e9b\u00e9cois des \u00e9v\u00e9nements \u00e9coresponsables<\/a><\/li>\n\n\n\n<li><a href=\"https:\/\/www.bnq.qc.ca\/fr\/normalisation\/developpement-durable\/gestion-responsable-d-evenements.html\" target=\"_blank\" rel=\"noreferrer noopener\">Bureau de normalisation du Qu\u00e9bec<\/a><\/li>\n\n\n\n<li><a href=\"https:\/\/reseaufemmesenvironnement.org\/evenement-ecoresponsable\" target=\"_blank\" rel=\"noreferrer noopener\">R\u00e9seau des femmes en environnement<\/a><\/li>\n\n\n\n<li><a href=\"https:\/\/faqdd.qc.ca\/\" target=\"_blank\" rel=\"noreferrer noopener\">Fonds d&#8217;action qu\u00e9b\u00e9cois pour le d\u00e9veloppement durable<\/a><\/li>\n<\/ul>\n<\/div><\/div><\/div>\n\n\n\n<div class=\"wp-block-column is-layout-flow wp-block-column-is-layout-flow\"><div  class=\"item wysiwyg component-list component-no-padding \" ><div class=\"container\">\n<ul class=\"wp-block-list\">\n<li><a href=\"https:\/\/fondationdelafaune.qc.ca\/\" target=\"_blank\" rel=\"noreferrer noopener\">Fondation de la faune du Qu\u00e9bec<\/a> (nature offsetting for the benefit of natural habitats in Qu\u00e9bec)<\/li>\n\n\n\n<li><a href=\"https:\/\/carboneboreal.uqac.ca\/compenser\/\" target=\"_blank\" rel=\"noreferrer noopener\">Carbone bor\u00e9al<\/a> (GHG offsetting by planting trees in the boreal forest)<\/li>\n\n\n\n<li><a href=\"https:\/\/app.planetair.ca\/?lang=french\" target=\"_blank\" rel=\"noreferrer noopener\">Plan\u00e9tair<\/a> (GHG offsetting by contributing to renewable energy projects)<\/li>\n\n\n\n<li><a href=\"https:\/\/www.convention.qc.ca\/en\/event-planners\/services\/food-and-beverage\/\">Maestro Culinaire<\/a> (redistribution of surplus food to charitable organizations)<\/li>\n<\/ul>\n<\/div><\/div><\/div>\n<\/div>\n<\/div><\/div>\n\n\n<div  class=\"item component-cta-banner \">\n    <section class=\"block-cta-banner js-a11y-block-link  block-cta-banner--with-picture block-cta-banner--is-dark\">\n        <div class=\"container\">\n            <div class=\"row\">\n                <div class=\"col-xs-12\">\n                    <div class=\"block-cta-banner__container\">\n                        <div class=\"block-cta-banner__content\">\n                                                            <h2 class=\"block-cta-banner__title\">Eco-Friendly F&#038;B<\/h2>\n                                                        \n                                                            <div class=\"block-cta-banner__text\">\n                                    <p>Does your convention, gala or meeting include meals? To prevent food waste, our partner Maestro Culinaire can help you redistribute surplus food to a charitable organization.<\/p>\n                                <\/div>\n                            \n                                                            <a\n                                  class=\"block-cta-banner__link js-call-to-action-link\"\n                                  href=\"https:\/\/www.convention.qc.ca\/en\/event-planners\/sustainability\/eco-friendly-food-services-events\/\"\n                                  target=\"\"\n                                  data-a11y-link\n                                  data-name=\"Eco-Friendly F&#038;B\"\n                                  data-label=\"Learn More on Eco-Friendly F&#038;B\"\n                                >\n                                    <span>Learn More on Eco-Friendly F&#038;B<\/span>\n                                    <svg width=\"14px\" height=\"15px\" aria-hidden=\"true\" focusable=\"false\"><use xlink:href=\"#ico-arrow-right\"><\/use><\/svg>\n                                <\/a>\n                                                    <\/div>\n                    <\/div>\n                    \n                                            <div class=\"block-cta-banner__picture\">\n                            <img loading=\"lazy\" decoding=\"async\" width=\"2560\" height=\"1706\" src=\"https:\/\/www.convention.qc.ca\/wp-content\/uploads\/pause-cafe-ecoresponsable-scaled.jpg\" class=\"attachment-full size-full\" alt=\"Women at coffee break station serving a coffee using porcelain dishes.\" srcset=\"https:\/\/www.convention.qc.ca\/wp-content\/uploads\/pause-cafe-ecoresponsable-scaled.jpg 2560w, https:\/\/www.convention.qc.ca\/wp-content\/uploads\/pause-cafe-ecoresponsable-700x467.jpg 700w, https:\/\/www.convention.qc.ca\/wp-content\/uploads\/pause-cafe-ecoresponsable-1024x683.jpg 1024w, https:\/\/www.convention.qc.ca\/wp-content\/uploads\/pause-cafe-ecoresponsable-768x512.jpg 768w, https:\/\/www.convention.qc.ca\/wp-content\/uploads\/pause-cafe-ecoresponsable-1536x1024.jpg 1536w, https:\/\/www.convention.qc.ca\/wp-content\/uploads\/pause-cafe-ecoresponsable-2048x1365.jpg 2048w, https:\/\/www.convention.qc.ca\/wp-content\/uploads\/pause-cafe-ecoresponsable-400x267.jpg 400w\" sizes=\"auto, (max-width: 2560px) 100vw, 2560px\" \/>                        <\/div>\n                                    <\/div>\n            <\/div>\n        <\/div>\n    <\/section>\n<\/div>","protected":false},"excerpt":{"rendered":"Explore our practical tools and eco-friendly partners to plan your next sustainable meeting or event. ","protected":false},"author":1,"featured_media":6657,"parent":5352,"menu_order":0,"comment_status":"closed","ping_status":"closed","template":"","meta":{"_acf_changed":false,"footnotes":""},"class_list":["post-5434","page","type-page","status-publish","has-post-thumbnail","hentry"],"acf":[],"yoast_head":"<!-- This site is optimized with the Yoast SEO plugin v26.7 - https:\/\/yoast.com\/wordpress\/plugins\/seo\/ -->\n<title>Eco-Friendly Event Tools | Qu\u00e9bec City Convention Centre<\/title>\n<meta name=\"description\" content=\"Explore our practical tools and eco-friendly partners to plan your next sustainable meeting or event.\" \/>\n<meta name=\"robots\" content=\"index, follow, max-snippet:-1, max-image-preview:large, max-video-preview:-1\" \/>\n<link rel=\"canonical\" href=\"https:\/\/www.convention.qc.ca\/en\/event-planners\/sustainability\/eco-friendly-event-tools-partners\/\" \/>\n<meta property=\"og:locale\" content=\"en_US\" \/>\n<meta property=\"og:type\" content=\"article\" \/>\n<meta property=\"og:title\" content=\"Eco-Friendly Event Tools | Qu\u00e9bec City Convention Centre\" \/>\n<meta property=\"og:description\" content=\"Explore our practical tools and eco-friendly partners to plan your next sustainable meeting or event.\" \/>\n<meta property=\"og:url\" content=\"https:\/\/www.convention.qc.ca\/en\/event-planners\/sustainability\/eco-friendly-event-tools-partners\/\" \/>\n<meta property=\"og:site_name\" content=\"Qu\u00e9bec City Convention Centre\" \/>\n<meta property=\"article:publisher\" content=\"https:\/\/www.facebook.com\/congresquebec\/\" \/>\n<meta property=\"article:modified_time\" content=\"2025-10-06T20:17:06+00:00\" \/>\n<meta property=\"og:image\" content=\"https:\/\/www.convention.qc.ca\/wp-content\/uploads\/atesser-equipe-contact-question-scaled-e1709136655339.jpg\" \/>\n\t<meta property=\"og:image:width\" content=\"2555\" \/>\n\t<meta property=\"og:image:height\" content=\"1429\" \/>\n\t<meta property=\"og:image:type\" content=\"image\/jpeg\" \/>\n<meta name=\"twitter:card\" content=\"summary_large_image\" \/>\n<meta name=\"twitter:site\" content=\"@quebeccongres\" \/>\n<meta name=\"twitter:label1\" content=\"Est. reading time\" \/>\n\t<meta name=\"twitter:data1\" content=\"1 minute\" \/>\n<script type=\"application\/ld+json\" class=\"yoast-schema-graph\">{\"@context\":\"https:\/\/schema.org\",\"@graph\":[{\"@type\":\"WebPage\",\"@id\":\"https:\/\/www.convention.qc.ca\/en\/event-planners\/sustainability\/eco-friendly-event-tools-partners\/\",\"url\":\"https:\/\/www.convention.qc.ca\/en\/event-planners\/sustainability\/eco-friendly-event-tools-partners\/\",\"name\":\"Eco-Friendly Event Tools | Qu\u00e9bec City Convention Centre\",\"isPartOf\":{\"@id\":\"https:\/\/www.convention.qc.ca\/en\/#website\"},\"primaryImageOfPage\":{\"@id\":\"https:\/\/www.convention.qc.ca\/en\/event-planners\/sustainability\/eco-friendly-event-tools-partners\/#primaryimage\"},\"image\":{\"@id\":\"https:\/\/www.convention.qc.ca\/en\/event-planners\/sustainability\/eco-friendly-event-tools-partners\/#primaryimage\"},\"thumbnailUrl\":\"https:\/\/www.convention.qc.ca\/wp-content\/uploads\/atesser-equipe-contact-question-scaled-e1709136655339.jpg\",\"datePublished\":\"2023-02-01T21:08:00+00:00\",\"dateModified\":\"2025-10-06T20:17:06+00:00\",\"description\":\"Explore our practical tools and eco-friendly partners to plan your next sustainable meeting or event.\",\"breadcrumb\":{\"@id\":\"https:\/\/www.convention.qc.ca\/en\/event-planners\/sustainability\/eco-friendly-event-tools-partners\/#breadcrumb\"},\"inLanguage\":\"en-US\",\"potentialAction\":[{\"@type\":\"ReadAction\",\"target\":[\"https:\/\/www.convention.qc.ca\/en\/event-planners\/sustainability\/eco-friendly-event-tools-partners\/\"]}]},{\"@type\":\"ImageObject\",\"inLanguage\":\"en-US\",\"@id\":\"https:\/\/www.convention.qc.ca\/en\/event-planners\/sustainability\/eco-friendly-event-tools-partners\/#primaryimage\",\"url\":\"https:\/\/www.convention.qc.ca\/wp-content\/uploads\/atesser-equipe-contact-question-scaled-e1709136655339.jpg\",\"contentUrl\":\"https:\/\/www.convention.qc.ca\/wp-content\/uploads\/atesser-equipe-contact-question-scaled-e1709136655339.jpg\",\"width\":2555,\"height\":1429,\"caption\":\"Aline Tesser qui r\u00e9pond \u00e0 des questions lors d'un \u00e9v\u00e9nement.\"},{\"@type\":\"BreadcrumbList\",\"@id\":\"https:\/\/www.convention.qc.ca\/en\/event-planners\/sustainability\/eco-friendly-event-tools-partners\/#breadcrumb\",\"itemListElement\":[{\"@type\":\"ListItem\",\"position\":1,\"name\":\"Accueil\",\"item\":\"https:\/\/www.convention.qc.ca\/en\/\"},{\"@type\":\"ListItem\",\"position\":2,\"name\":\"Planners\",\"item\":\"https:\/\/www.convention.qc.ca\/en\/event-planners\/\"},{\"@type\":\"ListItem\",\"position\":3,\"name\":\"Sustainability for Event Planners\",\"item\":\"https:\/\/www.convention.qc.ca\/en\/event-planners\/sustainability\/\"},{\"@type\":\"ListItem\",\"position\":4,\"name\":\"Practical Tools and Services for Event Eco-Responsibility\"}]},{\"@type\":\"WebSite\",\"@id\":\"https:\/\/www.convention.qc.ca\/en\/#website\",\"url\":\"https:\/\/www.convention.qc.ca\/en\/\",\"name\":\"Centre des congr\u00e8s de Qu\u00e9bec\",\"description\":\"Convention and exhibition center in Quebec City\",\"publisher\":{\"@id\":\"https:\/\/www.convention.qc.ca\/en\/#organization\"},\"potentialAction\":[{\"@type\":\"SearchAction\",\"target\":{\"@type\":\"EntryPoint\",\"urlTemplate\":\"https:\/\/www.convention.qc.ca\/en\/?s={search_term_string}\"},\"query-input\":{\"@type\":\"PropertyValueSpecification\",\"valueRequired\":true,\"valueName\":\"search_term_string\"}}],\"inLanguage\":\"en-US\"},{\"@type\":\"Organization\",\"@id\":\"https:\/\/www.convention.qc.ca\/en\/#organization\",\"name\":\"Centre des congr\u00e8s de Qu\u00e9bec\",\"url\":\"https:\/\/www.convention.qc.ca\/en\/\",\"logo\":{\"@type\":\"ImageObject\",\"inLanguage\":\"en-US\",\"@id\":\"https:\/\/www.convention.qc.ca\/en\/#\/schema\/logo\/image\/\",\"url\":\"https:\/\/www.convention.qc.ca\/wp-content\/uploads\/poster.png\",\"contentUrl\":\"https:\/\/www.convention.qc.ca\/wp-content\/uploads\/poster.png\",\"width\":1200,\"height\":630,\"caption\":\"Centre des congr\u00e8s de Qu\u00e9bec\"},\"image\":{\"@id\":\"https:\/\/www.convention.qc.ca\/en\/#\/schema\/logo\/image\/\"},\"sameAs\":[\"https:\/\/www.facebook.com\/congresquebec\/\",\"https:\/\/x.com\/quebeccongres\",\"https:\/\/www.instagram.com\/quebeccongres\/\",\"https:\/\/www.linkedin.com\/company\/congresquebec\"]}]}<\/script>\n<!-- \/ Yoast SEO plugin. -->","yoast_head_json":{"title":"Eco-Friendly Event Tools | Qu\u00e9bec City Convention Centre","description":"Explore our practical tools and eco-friendly partners to plan your next sustainable meeting or event.","robots":{"index":"index","follow":"follow","max-snippet":"max-snippet:-1","max-image-preview":"max-image-preview:large","max-video-preview":"max-video-preview:-1"},"canonical":"https:\/\/www.convention.qc.ca\/en\/event-planners\/sustainability\/eco-friendly-event-tools-partners\/","og_locale":"en_US","og_type":"article","og_title":"Eco-Friendly Event Tools | Qu\u00e9bec City Convention Centre","og_description":"Explore our practical tools and eco-friendly partners to plan your next sustainable meeting or event.","og_url":"https:\/\/www.convention.qc.ca\/en\/event-planners\/sustainability\/eco-friendly-event-tools-partners\/","og_site_name":"Qu\u00e9bec City Convention Centre","article_publisher":"https:\/\/www.facebook.com\/congresquebec\/","article_modified_time":"2025-10-06T20:17:06+00:00","og_image":[{"width":2555,"height":1429,"url":"https:\/\/www.convention.qc.ca\/wp-content\/uploads\/atesser-equipe-contact-question-scaled-e1709136655339.jpg","type":"image\/jpeg"}],"twitter_card":"summary_large_image","twitter_site":"@quebeccongres","twitter_misc":{"Est. reading time":"1 minute"},"schema":{"@context":"https:\/\/schema.org","@graph":[{"@type":"WebPage","@id":"https:\/\/www.convention.qc.ca\/en\/event-planners\/sustainability\/eco-friendly-event-tools-partners\/","url":"https:\/\/www.convention.qc.ca\/en\/event-planners\/sustainability\/eco-friendly-event-tools-partners\/","name":"Eco-Friendly Event Tools | Qu\u00e9bec City Convention Centre","isPartOf":{"@id":"https:\/\/www.convention.qc.ca\/en\/#website"},"primaryImageOfPage":{"@id":"https:\/\/www.convention.qc.ca\/en\/event-planners\/sustainability\/eco-friendly-event-tools-partners\/#primaryimage"},"image":{"@id":"https:\/\/www.convention.qc.ca\/en\/event-planners\/sustainability\/eco-friendly-event-tools-partners\/#primaryimage"},"thumbnailUrl":"https:\/\/www.convention.qc.ca\/wp-content\/uploads\/atesser-equipe-contact-question-scaled-e1709136655339.jpg","datePublished":"2023-02-01T21:08:00+00:00","dateModified":"2025-10-06T20:17:06+00:00","description":"Explore our practical tools and eco-friendly partners to plan your next sustainable meeting or event.","breadcrumb":{"@id":"https:\/\/www.convention.qc.ca\/en\/event-planners\/sustainability\/eco-friendly-event-tools-partners\/#breadcrumb"},"inLanguage":"en-US","potentialAction":[{"@type":"ReadAction","target":["https:\/\/www.convention.qc.ca\/en\/event-planners\/sustainability\/eco-friendly-event-tools-partners\/"]}]},{"@type":"ImageObject","inLanguage":"en-US","@id":"https:\/\/www.convention.qc.ca\/en\/event-planners\/sustainability\/eco-friendly-event-tools-partners\/#primaryimage","url":"https:\/\/www.convention.qc.ca\/wp-content\/uploads\/atesser-equipe-contact-question-scaled-e1709136655339.jpg","contentUrl":"https:\/\/www.convention.qc.ca\/wp-content\/uploads\/atesser-equipe-contact-question-scaled-e1709136655339.jpg","width":2555,"height":1429,"caption":"Aline Tesser qui r\u00e9pond \u00e0 des questions lors d'un \u00e9v\u00e9nement."},{"@type":"BreadcrumbList","@id":"https:\/\/www.convention.qc.ca\/en\/event-planners\/sustainability\/eco-friendly-event-tools-partners\/#breadcrumb","itemListElement":[{"@type":"ListItem","position":1,"name":"Accueil","item":"https:\/\/www.convention.qc.ca\/en\/"},{"@type":"ListItem","position":2,"name":"Planners","item":"https:\/\/www.convention.qc.ca\/en\/event-planners\/"},{"@type":"ListItem","position":3,"name":"Sustainability for Event Planners","item":"https:\/\/www.convention.qc.ca\/en\/event-planners\/sustainability\/"},{"@type":"ListItem","position":4,"name":"Practical Tools and Services for Event Eco-Responsibility"}]},{"@type":"WebSite","@id":"https:\/\/www.convention.qc.ca\/en\/#website","url":"https:\/\/www.convention.qc.ca\/en\/","name":"Centre des congr\u00e8s de Qu\u00e9bec","description":"Convention and exhibition center in Quebec City","publisher":{"@id":"https:\/\/www.convention.qc.ca\/en\/#organization"},"potentialAction":[{"@type":"SearchAction","target":{"@type":"EntryPoint","urlTemplate":"https:\/\/www.convention.qc.ca\/en\/?s={search_term_string}"},"query-input":{"@type":"PropertyValueSpecification","valueRequired":true,"valueName":"search_term_string"}}],"inLanguage":"en-US"},{"@type":"Organization","@id":"https:\/\/www.convention.qc.ca\/en\/#organization","name":"Centre des congr\u00e8s de Qu\u00e9bec","url":"https:\/\/www.convention.qc.ca\/en\/","logo":{"@type":"ImageObject","inLanguage":"en-US","@id":"https:\/\/www.convention.qc.ca\/en\/#\/schema\/logo\/image\/","url":"https:\/\/www.convention.qc.ca\/wp-content\/uploads\/poster.png","contentUrl":"https:\/\/www.convention.qc.ca\/wp-content\/uploads\/poster.png","width":1200,"height":630,"caption":"Centre des congr\u00e8s de Qu\u00e9bec"},"image":{"@id":"https:\/\/www.convention.qc.ca\/en\/#\/schema\/logo\/image\/"},"sameAs":["https:\/\/www.facebook.com\/congresquebec\/","https:\/\/x.com\/quebeccongres","https:\/\/www.instagram.com\/quebeccongres\/","https:\/\/www.linkedin.com\/company\/congresquebec"]}]}},"_links":{"self":[{"href":"https:\/\/www.convention.qc.ca\/en\/wp-json\/wp\/v2\/pages\/5434","targetHints":{"allow":["GET"]}}],"collection":[{"href":"https:\/\/www.convention.qc.ca\/en\/wp-json\/wp\/v2\/pages"}],"about":[{"href":"https:\/\/www.convention.qc.ca\/en\/wp-json\/wp\/v2\/types\/page"}],"author":[{"embeddable":true,"href":"https:\/\/www.convention.qc.ca\/en\/wp-json\/wp\/v2\/users\/1"}],"replies":[{"embeddable":true,"href":"https:\/\/www.convention.qc.ca\/en\/wp-json\/wp\/v2\/comments?post=5434"}],"version-history":[{"count":24,"href":"https:\/\/www.convention.qc.ca\/en\/wp-json\/wp\/v2\/pages\/5434\/revisions"}],"predecessor-version":[{"id":16034,"href":"https:\/\/www.convention.qc.ca\/en\/wp-json\/wp\/v2\/pages\/5434\/revisions\/16034"}],"up":[{"embeddable":true,"href":"https:\/\/www.convention.qc.ca\/en\/wp-json\/wp\/v2\/pages\/5352"}],"wp:featuredmedia":[{"embeddable":true,"href":"https:\/\/www.convention.qc.ca\/en\/wp-json\/wp\/v2\/media\/6657"}],"wp:attachment":[{"href":"https:\/\/www.convention.qc.ca\/en\/wp-json\/wp\/v2\/media?parent=5434"}],"curies":[{"name":"wp","href":"https:\/\/api.w.org\/{rel}","templated":true}]}}