{"id":5352,"date":"2023-02-01T15:40:55","date_gmt":"2023-02-01T20:40:55","guid":{"rendered":"https:\/\/www.convention.qc.ca\/?page_id=5352"},"modified":"2023-03-22T16:24:43","modified_gmt":"2023-03-22T20:24:43","slug":"sustainability","status":"publish","type":"page","link":"https:\/\/www.convention.qc.ca\/en\/event-planners\/sustainability\/","title":{"rendered":"Sustainability for Event Planners"},"content":{"rendered":"\n<div  class=\"item component-linked-posts \">\n    <div class=\"box\">\n        <div class=\"container\">\n            <div class=\"box__header row\">\n                <div class=\"col-xs-12 col-md-8\">\n                    <h2 class=\"h3\">Plan Your Eco-Friendly Event<\/h2>                <\/div>\n\n                            <\/div>\n\n            <div class=\"box__list row\" role=\"list\">\n                \n                                <div class=\"col-xs-12 col-sm-4\" role=\"listitem\">\n                    <article class=\"article-card article-card--posts js-a11y-block-link\">\n                        <div class=\"article-card__thumbnail\">\n                                                            <img loading=\"lazy\" decoding=\"async\" width=\"498\" height=\"290\" src=\"https:\/\/www.convention.qc.ca\/wp-content\/uploads\/toit-vert-abeilles-498x290-1.jpg\" class=\"attachment-large size-large wp-post-image\" alt=\"Ruches d&#039;abeilles sur le toit du Centre des congr\u00e8s avec pots de fines herbes.\" srcset=\"https:\/\/www.convention.qc.ca\/wp-content\/uploads\/toit-vert-abeilles-498x290-1.jpg 498w, https:\/\/www.convention.qc.ca\/wp-content\/uploads\/toit-vert-abeilles-498x290-1-400x233.jpg 400w\" sizes=\"auto, (max-width: 498px) 100vw, 498px\" \/>                                                    <\/div>\n                        <div class=\"article-card__content\">\n                            <a href=\"https:\/\/www.convention.qc.ca\/en\/event-planners\/sustainability\/green-building-events\/\" class=\"article-card__title\" data-a11y-link>\n                                A Green Building for Your Next Event                            <\/a>\n                            <p class=\"article-card__excerpt\">By choosing the Qu\u00e9bec City Convention Centre\u2019s green facilities for your event, you benefit from the use of modern equipment that is designed for energy efficiency.<\/p>\n\n                            \n                                                    <\/div>\n                    <\/article>\n                <\/div>\n                                <div class=\"col-xs-12 col-sm-4\" role=\"listitem\">\n                    <article class=\"article-card article-card--posts js-a11y-block-link\">\n                        <div class=\"article-card__thumbnail\">\n                                                            <img loading=\"lazy\" decoding=\"async\" width=\"1024\" height=\"682\" src=\"https:\/\/www.convention.qc.ca\/wp-content\/uploads\/Bac-multi-ecoresponsable-2023-03-WEB-1024x682.jpg\" class=\"attachment-large size-large wp-post-image\" alt=\"\" srcset=\"https:\/\/www.convention.qc.ca\/wp-content\/uploads\/Bac-multi-ecoresponsable-2023-03-WEB-1024x682.jpg 1024w, https:\/\/www.convention.qc.ca\/wp-content\/uploads\/Bac-multi-ecoresponsable-2023-03-WEB-700x466.jpg 700w, https:\/\/www.convention.qc.ca\/wp-content\/uploads\/Bac-multi-ecoresponsable-2023-03-WEB-768x512.jpg 768w, https:\/\/www.convention.qc.ca\/wp-content\/uploads\/Bac-multi-ecoresponsable-2023-03-WEB-1536x1024.jpg 1536w, https:\/\/www.convention.qc.ca\/wp-content\/uploads\/Bac-multi-ecoresponsable-2023-03-WEB-2048x1365.jpg 2048w, https:\/\/www.convention.qc.ca\/wp-content\/uploads\/Bac-multi-ecoresponsable-2023-03-WEB-400x267.jpg 400w\" sizes=\"auto, (max-width: 1024px) 100vw, 1024px\" \/>                                                    <\/div>\n                        <div class=\"article-card__content\">\n                            <a href=\"https:\/\/www.convention.qc.ca\/en\/event-planners\/sustainability\/waste-management\/\" class=\"article-card__title\" data-a11y-link>\n                                Waste Management: Reduce, Reuse and Recover                            <\/a>\n                            <p class=\"article-card__excerpt\">The Qu\u00e9bec City Convention Centre\u2019s offer includes the management of waste and compostable materials at no additional charge.<\/p>\n\n                            \n                                                    <\/div>\n                    <\/article>\n                <\/div>\n                                <div class=\"col-xs-12 col-sm-4\" role=\"listitem\">\n                    <article class=\"article-card article-card--posts js-a11y-block-link\">\n                        <div class=\"article-card__thumbnail\">\n                                                            <img loading=\"lazy\" decoding=\"async\" width=\"1024\" height=\"683\" src=\"https:\/\/www.convention.qc.ca\/wp-content\/uploads\/Lumiere-DEL-2023-WEB-1024x683.jpg\" class=\"attachment-large size-large wp-post-image\" alt=\"\" srcset=\"https:\/\/www.convention.qc.ca\/wp-content\/uploads\/Lumiere-DEL-2023-WEB-1024x683.jpg 1024w, https:\/\/www.convention.qc.ca\/wp-content\/uploads\/Lumiere-DEL-2023-WEB-700x467.jpg 700w, https:\/\/www.convention.qc.ca\/wp-content\/uploads\/Lumiere-DEL-2023-WEB-768x512.jpg 768w, https:\/\/www.convention.qc.ca\/wp-content\/uploads\/Lumiere-DEL-2023-WEB-1536x1024.jpg 1536w, https:\/\/www.convention.qc.ca\/wp-content\/uploads\/Lumiere-DEL-2023-WEB-2048x1366.jpg 2048w, https:\/\/www.convention.qc.ca\/wp-content\/uploads\/Lumiere-DEL-2023-WEB-400x267.jpg 400w\" sizes=\"auto, (max-width: 1024px) 100vw, 1024px\" \/>                                                    <\/div>\n                        <div class=\"article-card__content\">\n                            <a href=\"https:\/\/www.convention.qc.ca\/en\/event-planners\/sustainability\/energy-air-water-management\/\" class=\"article-card__title\" data-a11y-link>\n                                Energy, Air and Water: Intelligent Management                            <\/a>\n                            <p class=\"article-card__excerpt\">Intelligent management of energy, air and water ensures the comfort, health and well-being of delegates and visitors.<\/p>\n\n                            \n                                                    <\/div>\n                    <\/article>\n                <\/div>\n                                <div class=\"col-xs-12 col-sm-4\" role=\"listitem\">\n                    <article class=\"article-card article-card--posts js-a11y-block-link\">\n                        <div class=\"article-card__thumbnail\">\n                                                            <img loading=\"lazy\" decoding=\"async\" width=\"1024\" height=\"683\" src=\"https:\/\/www.convention.qc.ca\/wp-content\/uploads\/pause-cafe-ecoresponsable-1024x683.jpg\" class=\"attachment-large size-large wp-post-image\" alt=\"Women at coffee break station serving a coffee using porcelain dishes.\" srcset=\"https:\/\/www.convention.qc.ca\/wp-content\/uploads\/pause-cafe-ecoresponsable-1024x683.jpg 1024w, https:\/\/www.convention.qc.ca\/wp-content\/uploads\/pause-cafe-ecoresponsable-700x467.jpg 700w, https:\/\/www.convention.qc.ca\/wp-content\/uploads\/pause-cafe-ecoresponsable-768x512.jpg 768w, https:\/\/www.convention.qc.ca\/wp-content\/uploads\/pause-cafe-ecoresponsable-1536x1024.jpg 1536w, https:\/\/www.convention.qc.ca\/wp-content\/uploads\/pause-cafe-ecoresponsable-2048x1365.jpg 2048w, https:\/\/www.convention.qc.ca\/wp-content\/uploads\/pause-cafe-ecoresponsable-400x267.jpg 400w\" sizes=\"auto, (max-width: 1024px) 100vw, 1024px\" \/>                                                    <\/div>\n                        <div class=\"article-card__content\">\n                            <a href=\"https:\/\/www.convention.qc.ca\/en\/event-planners\/sustainability\/eco-friendly-food-services-events\/\" class=\"article-card__title\" data-a11y-link>\n                                Sustainable Food Services                            <\/a>\n                            <p class=\"article-card__excerpt\">In the Convention Centre&#8217;s kitchens \u2014 the vastest in Qu\u00e9bec City\u2014we don\u2019t skimp when it comes to asking for good sustainable initiatives.<\/p>\n\n                            \n                                                    <\/div>\n                    <\/article>\n                <\/div>\n                                <div class=\"col-xs-12 col-sm-4\" role=\"listitem\">\n                    <article class=\"article-card article-card--posts js-a11y-block-link\">\n                        <div class=\"article-card__thumbnail\">\n                                                            <img loading=\"lazy\" decoding=\"async\" width=\"1024\" height=\"681\" src=\"https:\/\/www.convention.qc.ca\/wp-content\/uploads\/Centre-Congres-Devanture-Avril-2017-1024x681.jpg\" class=\"attachment-large size-large wp-post-image\" alt=\"Exterior facade of the Qu\u00e9bec City Convention Centre in spring, with a green tree and view of Parliament.\" srcset=\"https:\/\/www.convention.qc.ca\/wp-content\/uploads\/Centre-Congres-Devanture-Avril-2017-1024x681.jpg 1024w, https:\/\/www.convention.qc.ca\/wp-content\/uploads\/Centre-Congres-Devanture-Avril-2017-700x465.jpg 700w, https:\/\/www.convention.qc.ca\/wp-content\/uploads\/Centre-Congres-Devanture-Avril-2017-768x511.jpg 768w, https:\/\/www.convention.qc.ca\/wp-content\/uploads\/Centre-Congres-Devanture-Avril-2017-1536x1021.jpg 1536w, https:\/\/www.convention.qc.ca\/wp-content\/uploads\/Centre-Congres-Devanture-Avril-2017-2048x1362.jpg 2048w, https:\/\/www.convention.qc.ca\/wp-content\/uploads\/Centre-Congres-Devanture-Avril-2017-400x266.jpg 400w\" sizes=\"auto, (max-width: 1024px) 100vw, 1024px\" \/>                                                    <\/div>\n                        <div class=\"article-card__content\">\n                            <a href=\"https:\/\/www.convention.qc.ca\/en\/event-planners\/sustainability\/eco-friendly-events\/\" class=\"article-card__title\" data-a11y-link>\n                                Turnkey Program For Eco-Friendly Events                            <\/a>\n                            <p class=\"article-card__excerpt\">Take advantage our turnkey program for organizing an eco-friendly event with the support of our experienced team.<\/p>\n\n                            \n                                                    <\/div>\n                    <\/article>\n                <\/div>\n                                <div class=\"col-xs-12 col-sm-4\" role=\"listitem\">\n                    <article class=\"article-card article-card--posts js-a11y-block-link\">\n                        <div class=\"article-card__thumbnail\">\n                                                            <img loading=\"lazy\" decoding=\"async\" width=\"1024\" height=\"573\" src=\"https:\/\/www.convention.qc.ca\/wp-content\/uploads\/atesser-equipe-contact-question-scaled-e1709136655339-1024x573.jpg\" class=\"attachment-large size-large wp-post-image\" alt=\"Aline Tesser qui r\u00e9pond \u00e0 des questions lors d&#039;un \u00e9v\u00e9nement.\" srcset=\"https:\/\/www.convention.qc.ca\/wp-content\/uploads\/atesser-equipe-contact-question-scaled-e1709136655339-1024x573.jpg 1024w, https:\/\/www.convention.qc.ca\/wp-content\/uploads\/atesser-equipe-contact-question-scaled-e1709136655339-700x392.jpg 700w, https:\/\/www.convention.qc.ca\/wp-content\/uploads\/atesser-equipe-contact-question-scaled-e1709136655339-768x430.jpg 768w, https:\/\/www.convention.qc.ca\/wp-content\/uploads\/atesser-equipe-contact-question-scaled-e1709136655339-1536x859.jpg 1536w, https:\/\/www.convention.qc.ca\/wp-content\/uploads\/atesser-equipe-contact-question-scaled-e1709136655339-2048x1145.jpg 2048w, https:\/\/www.convention.qc.ca\/wp-content\/uploads\/atesser-equipe-contact-question-scaled-e1709136655339-400x224.jpg 400w\" sizes=\"auto, (max-width: 1024px) 100vw, 1024px\" \/>                                                    <\/div>\n                        <div class=\"article-card__content\">\n                            <a href=\"https:\/\/www.convention.qc.ca\/en\/event-planners\/sustainability\/eco-friendly-event-tools-partners\/\" class=\"article-card__title\" data-a11y-link>\n                                Practical Tools and Services for Event Eco-Responsibility                            <\/a>\n                            <p class=\"article-card__excerpt\">Explore our practical tools and eco-friendly partners to plan your next sustainable meeting or event. <\/p>\n\n                            \n                                                    <\/div>\n                    <\/article>\n                <\/div>\n                            <\/div>\n        <\/div>\n    <\/div>\n<\/div>\n","protected":false},"excerpt":{"rendered":"Go green with us! Make your sustainable commitment a reality and minimize the environmental impact of your activities.","protected":false},"author":1,"featured_media":6983,"parent":5346,"menu_order":0,"comment_status":"closed","ping_status":"closed","template":"","meta":{"_acf_changed":false,"footnotes":""},"class_list":["post-5352","page","type-page","status-publish","has-post-thumbnail","hentry"],"acf":[],"yoast_head":"<!-- This site is optimized with the Yoast SEO plugin v26.7 - https:\/\/yoast.com\/wordpress\/plugins\/seo\/ -->\n<title>Sustainability for Event Planners | Qu\u00e9bec City Convention Centre<\/title>\n<meta name=\"description\" content=\"Go green with us! Make your sustainable commitment a reality and minimize the environmental impact of your activities.\" \/>\n<meta name=\"robots\" content=\"index, follow, max-snippet:-1, max-image-preview:large, max-video-preview:-1\" \/>\n<link rel=\"canonical\" href=\"https:\/\/www.convention.qc.ca\/en\/event-planners\/sustainability\/\" \/>\n<meta property=\"og:locale\" content=\"en_US\" \/>\n<meta property=\"og:type\" content=\"article\" \/>\n<meta property=\"og:title\" content=\"Sustainability for Event Planners | Qu\u00e9bec City Convention Centre\" \/>\n<meta property=\"og:description\" content=\"Go green with us! Make your sustainable commitment a reality and minimize the environmental impact of your activities.\" \/>\n<meta property=\"og:url\" content=\"https:\/\/www.convention.qc.ca\/en\/event-planners\/sustainability\/\" \/>\n<meta property=\"og:site_name\" content=\"Qu\u00e9bec City Convention Centre\" \/>\n<meta property=\"article:publisher\" content=\"https:\/\/www.facebook.com\/congresquebec\/\" \/>\n<meta property=\"article:modified_time\" content=\"2023-03-22T20:24:43+00:00\" \/>\n<meta property=\"og:image\" content=\"https:\/\/www.convention.qc.ca\/wp-content\/uploads\/toit-vert-abeilles-498x290-1.jpg\" \/>\n\t<meta property=\"og:image:width\" content=\"498\" \/>\n\t<meta property=\"og:image:height\" content=\"290\" \/>\n\t<meta property=\"og:image:type\" content=\"image\/jpeg\" \/>\n<meta name=\"twitter:card\" content=\"summary_large_image\" \/>\n<meta name=\"twitter:site\" content=\"@quebeccongres\" \/>\n<script type=\"application\/ld+json\" class=\"yoast-schema-graph\">{\"@context\":\"https:\/\/schema.org\",\"@graph\":[{\"@type\":\"WebPage\",\"@id\":\"https:\/\/www.convention.qc.ca\/en\/event-planners\/sustainability\/\",\"url\":\"https:\/\/www.convention.qc.ca\/en\/event-planners\/sustainability\/\",\"name\":\"Sustainability for Event Planners | Qu\u00e9bec City Convention Centre\",\"isPartOf\":{\"@id\":\"https:\/\/www.convention.qc.ca\/en\/#website\"},\"primaryImageOfPage\":{\"@id\":\"https:\/\/www.convention.qc.ca\/en\/event-planners\/sustainability\/#primaryimage\"},\"image\":{\"@id\":\"https:\/\/www.convention.qc.ca\/en\/event-planners\/sustainability\/#primaryimage\"},\"thumbnailUrl\":\"https:\/\/www.convention.qc.ca\/wp-content\/uploads\/toit-vert-abeilles-498x290-1.jpg\",\"datePublished\":\"2023-02-01T20:40:55+00:00\",\"dateModified\":\"2023-03-22T20:24:43+00:00\",\"description\":\"Go green with us! Make your sustainable commitment a reality and minimize the environmental impact of your activities.\",\"breadcrumb\":{\"@id\":\"https:\/\/www.convention.qc.ca\/en\/event-planners\/sustainability\/#breadcrumb\"},\"inLanguage\":\"en-US\",\"potentialAction\":[{\"@type\":\"ReadAction\",\"target\":[\"https:\/\/www.convention.qc.ca\/en\/event-planners\/sustainability\/\"]}]},{\"@type\":\"ImageObject\",\"inLanguage\":\"en-US\",\"@id\":\"https:\/\/www.convention.qc.ca\/en\/event-planners\/sustainability\/#primaryimage\",\"url\":\"https:\/\/www.convention.qc.ca\/wp-content\/uploads\/toit-vert-abeilles-498x290-1.jpg\",\"contentUrl\":\"https:\/\/www.convention.qc.ca\/wp-content\/uploads\/toit-vert-abeilles-498x290-1.jpg\",\"width\":498,\"height\":290},{\"@type\":\"BreadcrumbList\",\"@id\":\"https:\/\/www.convention.qc.ca\/en\/event-planners\/sustainability\/#breadcrumb\",\"itemListElement\":[{\"@type\":\"ListItem\",\"position\":1,\"name\":\"Accueil\",\"item\":\"https:\/\/www.convention.qc.ca\/en\/\"},{\"@type\":\"ListItem\",\"position\":2,\"name\":\"Planners\",\"item\":\"https:\/\/www.convention.qc.ca\/en\/event-planners\/\"},{\"@type\":\"ListItem\",\"position\":3,\"name\":\"Sustainability for Event Planners\"}]},{\"@type\":\"WebSite\",\"@id\":\"https:\/\/www.convention.qc.ca\/en\/#website\",\"url\":\"https:\/\/www.convention.qc.ca\/en\/\",\"name\":\"Centre des congr\u00e8s de Qu\u00e9bec\",\"description\":\"Convention and exhibition center in Quebec City\",\"publisher\":{\"@id\":\"https:\/\/www.convention.qc.ca\/en\/#organization\"},\"potentialAction\":[{\"@type\":\"SearchAction\",\"target\":{\"@type\":\"EntryPoint\",\"urlTemplate\":\"https:\/\/www.convention.qc.ca\/en\/?s={search_term_string}\"},\"query-input\":{\"@type\":\"PropertyValueSpecification\",\"valueRequired\":true,\"valueName\":\"search_term_string\"}}],\"inLanguage\":\"en-US\"},{\"@type\":\"Organization\",\"@id\":\"https:\/\/www.convention.qc.ca\/en\/#organization\",\"name\":\"Centre des congr\u00e8s de Qu\u00e9bec\",\"url\":\"https:\/\/www.convention.qc.ca\/en\/\",\"logo\":{\"@type\":\"ImageObject\",\"inLanguage\":\"en-US\",\"@id\":\"https:\/\/www.convention.qc.ca\/en\/#\/schema\/logo\/image\/\",\"url\":\"https:\/\/www.convention.qc.ca\/wp-content\/uploads\/poster.png\",\"contentUrl\":\"https:\/\/www.convention.qc.ca\/wp-content\/uploads\/poster.png\",\"width\":1200,\"height\":630,\"caption\":\"Centre des congr\u00e8s de Qu\u00e9bec\"},\"image\":{\"@id\":\"https:\/\/www.convention.qc.ca\/en\/#\/schema\/logo\/image\/\"},\"sameAs\":[\"https:\/\/www.facebook.com\/congresquebec\/\",\"https:\/\/x.com\/quebeccongres\",\"https:\/\/www.instagram.com\/quebeccongres\/\",\"https:\/\/www.linkedin.com\/company\/congresquebec\"]}]}<\/script>\n<!-- \/ Yoast SEO plugin. -->","yoast_head_json":{"title":"Sustainability for Event Planners | Qu\u00e9bec City Convention Centre","description":"Go green with us! Make your sustainable commitment a reality and minimize the environmental impact of your activities.","robots":{"index":"index","follow":"follow","max-snippet":"max-snippet:-1","max-image-preview":"max-image-preview:large","max-video-preview":"max-video-preview:-1"},"canonical":"https:\/\/www.convention.qc.ca\/en\/event-planners\/sustainability\/","og_locale":"en_US","og_type":"article","og_title":"Sustainability for Event Planners | Qu\u00e9bec City Convention Centre","og_description":"Go green with us! Make your sustainable commitment a reality and minimize the environmental impact of your activities.","og_url":"https:\/\/www.convention.qc.ca\/en\/event-planners\/sustainability\/","og_site_name":"Qu\u00e9bec City Convention Centre","article_publisher":"https:\/\/www.facebook.com\/congresquebec\/","article_modified_time":"2023-03-22T20:24:43+00:00","og_image":[{"width":498,"height":290,"url":"https:\/\/www.convention.qc.ca\/wp-content\/uploads\/toit-vert-abeilles-498x290-1.jpg","type":"image\/jpeg"}],"twitter_card":"summary_large_image","twitter_site":"@quebeccongres","schema":{"@context":"https:\/\/schema.org","@graph":[{"@type":"WebPage","@id":"https:\/\/www.convention.qc.ca\/en\/event-planners\/sustainability\/","url":"https:\/\/www.convention.qc.ca\/en\/event-planners\/sustainability\/","name":"Sustainability for Event Planners | Qu\u00e9bec City Convention Centre","isPartOf":{"@id":"https:\/\/www.convention.qc.ca\/en\/#website"},"primaryImageOfPage":{"@id":"https:\/\/www.convention.qc.ca\/en\/event-planners\/sustainability\/#primaryimage"},"image":{"@id":"https:\/\/www.convention.qc.ca\/en\/event-planners\/sustainability\/#primaryimage"},"thumbnailUrl":"https:\/\/www.convention.qc.ca\/wp-content\/uploads\/toit-vert-abeilles-498x290-1.jpg","datePublished":"2023-02-01T20:40:55+00:00","dateModified":"2023-03-22T20:24:43+00:00","description":"Go green with us! Make your sustainable commitment a reality and minimize the environmental impact of your activities.","breadcrumb":{"@id":"https:\/\/www.convention.qc.ca\/en\/event-planners\/sustainability\/#breadcrumb"},"inLanguage":"en-US","potentialAction":[{"@type":"ReadAction","target":["https:\/\/www.convention.qc.ca\/en\/event-planners\/sustainability\/"]}]},{"@type":"ImageObject","inLanguage":"en-US","@id":"https:\/\/www.convention.qc.ca\/en\/event-planners\/sustainability\/#primaryimage","url":"https:\/\/www.convention.qc.ca\/wp-content\/uploads\/toit-vert-abeilles-498x290-1.jpg","contentUrl":"https:\/\/www.convention.qc.ca\/wp-content\/uploads\/toit-vert-abeilles-498x290-1.jpg","width":498,"height":290},{"@type":"BreadcrumbList","@id":"https:\/\/www.convention.qc.ca\/en\/event-planners\/sustainability\/#breadcrumb","itemListElement":[{"@type":"ListItem","position":1,"name":"Accueil","item":"https:\/\/www.convention.qc.ca\/en\/"},{"@type":"ListItem","position":2,"name":"Planners","item":"https:\/\/www.convention.qc.ca\/en\/event-planners\/"},{"@type":"ListItem","position":3,"name":"Sustainability for Event Planners"}]},{"@type":"WebSite","@id":"https:\/\/www.convention.qc.ca\/en\/#website","url":"https:\/\/www.convention.qc.ca\/en\/","name":"Centre des congr\u00e8s de Qu\u00e9bec","description":"Convention and exhibition center in Quebec City","publisher":{"@id":"https:\/\/www.convention.qc.ca\/en\/#organization"},"potentialAction":[{"@type":"SearchAction","target":{"@type":"EntryPoint","urlTemplate":"https:\/\/www.convention.qc.ca\/en\/?s={search_term_string}"},"query-input":{"@type":"PropertyValueSpecification","valueRequired":true,"valueName":"search_term_string"}}],"inLanguage":"en-US"},{"@type":"Organization","@id":"https:\/\/www.convention.qc.ca\/en\/#organization","name":"Centre des congr\u00e8s de Qu\u00e9bec","url":"https:\/\/www.convention.qc.ca\/en\/","logo":{"@type":"ImageObject","inLanguage":"en-US","@id":"https:\/\/www.convention.qc.ca\/en\/#\/schema\/logo\/image\/","url":"https:\/\/www.convention.qc.ca\/wp-content\/uploads\/poster.png","contentUrl":"https:\/\/www.convention.qc.ca\/wp-content\/uploads\/poster.png","width":1200,"height":630,"caption":"Centre des congr\u00e8s de Qu\u00e9bec"},"image":{"@id":"https:\/\/www.convention.qc.ca\/en\/#\/schema\/logo\/image\/"},"sameAs":["https:\/\/www.facebook.com\/congresquebec\/","https:\/\/x.com\/quebeccongres","https:\/\/www.instagram.com\/quebeccongres\/","https:\/\/www.linkedin.com\/company\/congresquebec"]}]}},"_links":{"self":[{"href":"https:\/\/www.convention.qc.ca\/en\/wp-json\/wp\/v2\/pages\/5352","targetHints":{"allow":["GET"]}}],"collection":[{"href":"https:\/\/www.convention.qc.ca\/en\/wp-json\/wp\/v2\/pages"}],"about":[{"href":"https:\/\/www.convention.qc.ca\/en\/wp-json\/wp\/v2\/types\/page"}],"author":[{"embeddable":true,"href":"https:\/\/www.convention.qc.ca\/en\/wp-json\/wp\/v2\/users\/1"}],"replies":[{"embeddable":true,"href":"https:\/\/www.convention.qc.ca\/en\/wp-json\/wp\/v2\/comments?post=5352"}],"version-history":[{"count":6,"href":"https:\/\/www.convention.qc.ca\/en\/wp-json\/wp\/v2\/pages\/5352\/revisions"}],"predecessor-version":[{"id":10829,"href":"https:\/\/www.convention.qc.ca\/en\/wp-json\/wp\/v2\/pages\/5352\/revisions\/10829"}],"up":[{"embeddable":true,"href":"https:\/\/www.convention.qc.ca\/en\/wp-json\/wp\/v2\/pages\/5346"}],"wp:featuredmedia":[{"embeddable":true,"href":"https:\/\/www.convention.qc.ca\/en\/wp-json\/wp\/v2\/media\/6983"}],"wp:attachment":[{"href":"https:\/\/www.convention.qc.ca\/en\/wp-json\/wp\/v2\/media?parent=5352"}],"curies":[{"name":"wp","href":"https:\/\/api.w.org\/{rel}","templated":true}]}}