{"id":5330,"date":"2022-11-17T18:26:19","date_gmt":"2022-11-17T23:26:19","guid":{"rendered":"https:\/\/www.convention.qc.ca\/?page_id=5330"},"modified":"2023-04-27T11:51:00","modified_gmt":"2023-04-27T15:51:00","slug":"privacy-policy","status":"publish","type":"page","link":"https:\/\/www.convention.qc.ca\/en\/about\/privacy-policy\/","title":{"rendered":"Privacy Policy"},"content":{"rendered":"<div  class=\"item wysiwyg component-columns\"><div class=\"container\" >\n<div class=\"wp-block-columns is-layout-flex wp-container-core-columns-is-layout-9d6595d7 wp-block-columns-is-layout-flex\">\n<div class=\"wp-block-column is-layout-flow wp-block-column-is-layout-flow\"><div  class=\"item wysiwyg component-paragraph component-no-padding \" ><div class=\"container\">\n<p>Your privacy is of the utmost importance to Soci\u00e9t\u00e9 du Centre des congr\u00e8s de Qu\u00e9bec (SCCQ), which runs the Qu\u00e9bec City Convention Centre and is responsible for this website.<\/p>\n<\/div><\/div><\/div>\n<\/div>\n<\/div><\/div>\n\n<div  class=\"item wysiwyg component-heading component-no-padding \" ><div class=\"container\">\n<h3 class=\"wp-block-heading\">Scope of the Policy<\/h3>\n<\/div><\/div>\n\n<div  class=\"item wysiwyg component-paragraph component-no-padding \" ><div class=\"container\">\n<p>This policy applies only to this site. &nbsp;Our website provides links to other sites, including event sites. Information exchanged through other sites is not subject to this Privacy Policy.<\/p>\n<\/div><\/div>\n\n<div  class=\"item wysiwyg component-paragraph component-no-padding \" ><div class=\"container\">\n<p>We therefore invite you to read the privacy policies that apply to the websites you visit.<\/p>\n<\/div><\/div>\n\n<div  class=\"item wysiwyg component-heading component-no-padding \" ><div class=\"container\">\n<h3 class=\"wp-block-heading\"><strong>Data Shared Automatically<\/strong><\/h3>\n<\/div><\/div>\n\n<div  class=\"item wysiwyg component-paragraph component-no-padding \" ><div class=\"container\">\n<p>When you access this site, your computer and our server automatically share data. This sharing is necessary for the server to send you a file compatible with the computer equipment you are using.&nbsp; The following data is shared:<\/p>\n<\/div><\/div>\n\n<div  class=\"item wysiwyg component-columns\"><div class=\"container\" >\n<div class=\"wp-block-columns is-layout-flex wp-container-core-columns-is-layout-9d6595d7 wp-block-columns-is-layout-flex\">\n<div class=\"wp-block-column is-layout-flow wp-block-column-is-layout-flow\"><div  class=\"item wysiwyg component-list component-no-padding \" ><div class=\"container\">\n<ul class=\"wp-block-list\">\n<li>The name of your Internet service provider<\/li>\n\n\n\n<li>Your IP address<\/li>\n\n\n\n<li>Your browser (e.g., Firefox or Explorer) and operating system (e.g., Windows, Mac OS)<\/li>\n<\/ul>\n<\/div><\/div><\/div>\n\n\n\n<div class=\"wp-block-column is-layout-flow wp-block-column-is-layout-flow\"><div  class=\"item wysiwyg component-list component-no-padding \" ><div class=\"container\">\n<ul class=\"wp-block-list\">\n<li>Pages you visit<\/li>\n\n\n\n<li>Dates and times you visit these pages<\/li>\n\n\n\n<li>Address of the referring site if you access our site from another website<\/li>\n<\/ul>\n<\/div><\/div><\/div>\n<\/div>\n<\/div><\/div>\n\n<div  class=\"item wysiwyg component-paragraph component-no-padding \" ><div class=\"container\">\n<p>Most of the information automatically transmitted between computers does not reveal your identity.&nbsp; It is collected only because of the technological requirements of Internet browsin<\/p>\n<\/div><\/div>\n\n<div  class=\"item wysiwyg component-heading component-no-padding \" ><div class=\"container\">\n<h3 class=\"wp-block-heading\">Use of Cookies<\/h3>\n<\/div><\/div>\n\n<div  class=\"item wysiwyg component-paragraph component-no-padding \" ><div class=\"container\">\n<p>Cookies are used to make it easier to browse the pages of this website. They do not collect any personal information about you.<\/p>\n<\/div><\/div>\n\n<div  class=\"item wysiwyg component-paragraph component-no-padding \" ><div class=\"container\">\n<p>If you use a computer in a public place or share a computer with other users, be sure to erase your browsing history at the end of each session.<\/p>\n<\/div><\/div>\n\n<div  class=\"item wysiwyg component-heading component-no-padding \" ><div class=\"container\">\n<h3 class=\"wp-block-heading\">Use of Web Audience Measurement Tools<\/h3>\n<\/div><\/div>\n\n<div  class=\"item wysiwyg component-paragraph component-no-padding \" ><div class=\"container\">\n<p>SCCQ uses a number of tools, including Google Analytics, a Web audience measurement tool. These tools use cookies to collect information about how you browse the Qu\u00e9bec City Convention Centre website.<\/p>\n<\/div><\/div>\n\n<div  class=\"item wysiwyg component-paragraph component-no-padding \" ><div class=\"container\">\n<p>The collected information includes:<\/p>\n<\/div><\/div>\n\n<div  class=\"item wysiwyg component-columns\"><div class=\"container\" >\n<div class=\"wp-block-columns is-layout-flex wp-container-core-columns-is-layout-9d6595d7 wp-block-columns-is-layout-flex\">\n<div class=\"wp-block-column is-layout-flow wp-block-column-is-layout-flow\"><div  class=\"item wysiwyg component-list component-no-padding \" ><div class=\"container\">\n<ul class=\"wp-block-list\">\n<li>Pages you visit.<\/li>\n\n\n\n<li>Dates, times, duration, and frequency of your visits.<\/li>\n\n\n\n<li>Links you click.<\/li>\n<\/ul>\n<\/div><\/div><\/div>\n\n\n\n<div class=\"wp-block-column is-layout-flow wp-block-column-is-layout-flow\"><div  class=\"item wysiwyg component-list component-no-padding \" ><div class=\"container\">\n<ul class=\"wp-block-list\">\n<li>The type of operating system on your computer, the language of your computer, the name of your Internet service provider, and your geographic location (region).<\/li>\n\n\n\n<li>Your IP address is also collected, but it is anonymized (truncated) to ensure the confidentiality of your information. The IP address is made anonymous to prevent it from revealing the Internet user\u2019s identity.<\/li>\n<\/ul>\n<\/div><\/div><\/div>\n<\/div>\n<\/div><\/div>\n\n<div  class=\"item wysiwyg component-paragraph component-no-padding \" ><div class=\"container\">\n<p>These audience measurement tools use the information collected to produce statistics and reports on browsing of this website, which allows SCCQ to improve and optimize visitors\u2019 online experience.&nbsp;<\/p>\n<\/div><\/div>\n\n<div  class=\"item wysiwyg component-paragraph component-no-padding \" ><div class=\"container\">\n<p>If you wish, follow the steps below to prevent information on your browsing of our website from being collected:<\/p>\n<\/div><\/div>\n\n<div  class=\"item wysiwyg component-list component-no-padding \" ><div class=\"container\">\n<ul class=\"wp-block-list\">\n<li>Install&nbsp;<a href=\"https:\/\/tools.google.com\/dlpage\/gaoptout?hl=en\" target=\"_blank\" rel=\"noreferrer noopener\" class=\"\">an additional browser module to deactivate Google Analytics<\/a><\/li>\n\n\n\n<li><a href=\"https:\/\/matomo.org\/docs\/privacy\" target=\"_blank\" rel=\"noreferrer noopener\" class=\"\">Deactivate Matomo (Piwik)<\/a><\/li>\n\n\n\n<li><a class=\"\" href=\"https:\/\/www.crazyegg.com\/opt-out?clean=1\" target=\"_blank\" rel=\"noreferrer noopener\">Deactivate Crazy Egg (heat map)<\/a><\/li>\n<\/ul>\n<\/div><\/div>\n\n<div  class=\"item wysiwyg component-paragraph component-no-padding \" ><div class=\"container\">\n<p>You can also consult the&nbsp;<a href=\"https:\/\/www.eff.org\/issues\/do-not-track\" target=\"_blank\" rel=\"noreferrer noopener\">Electronic Frontier Foundation<\/a>&nbsp;for more information. &nbsp;<\/p>\n<\/div><\/div>\n\n<div  class=\"item wysiwyg component-heading component-no-padding \" ><div class=\"container\">\n<h3 class=\"wp-block-heading\">Social Media and Online Advertising<\/h3>\n<\/div><\/div>\n\n<div  class=\"item wysiwyg component-paragraph component-no-padding \" ><div class=\"container\">\n<p>SCCQ may share information about its services with social media and advertising agencies. Browsing information may be used to match online communications to your habits.<\/p>\n<\/div><\/div>\n\n<div  class=\"item wysiwyg component-paragraph component-no-padding \" ><div class=\"container\">\n<p>You can manage ad display and learn more about the subject on the websites of the&nbsp;<a href=\"https:\/\/youradchoices.ca\/\" target=\"_blank\" rel=\"noreferrer noopener\">Digital Advertising Alliance of Canada<\/a>&nbsp;(DAAC) and&nbsp;<a class=\"\" href=\"https:\/\/support.google.com\/admanager\/answer\/2695279?hl=en\" target=\"_blank\" rel=\"noreferrer noopener\">Google Ad Manager<\/a><\/p>\n<\/div><\/div>\n\n<div  class=\"item wysiwyg component-heading component-no-padding \" ><div class=\"container\">\n<h3 class=\"wp-block-heading\"><strong><strong>Forms and Online Payment<\/strong><\/strong><\/h3>\n<\/div><\/div>\n\n<div  class=\"item wysiwyg component-paragraph component-no-padding \" ><div class=\"container\">\n<p>SCCQ provides the following forms and tools on the Convention Centre website:<\/p>\n<\/div><\/div>\n\n<div  class=\"item wysiwyg component-columns\"><div class=\"container\" >\n<div class=\"wp-block-columns is-layout-flex wp-container-core-columns-is-layout-9d6595d7 wp-block-columns-is-layout-flex\">\n<div class=\"wp-block-column is-layout-flow wp-block-column-is-layout-flow\"><div  class=\"item wysiwyg component-list component-no-padding \" ><div class=\"container\">\n<ul class=\"wp-block-list\">\n<li>Request for proposal form<\/li>\n\n\n\n<li>General contact form<\/li>\n\n\n\n<li>Form for sending your r\u00e9sum\u00e9 for a position or spontaneous application<\/li>\n<\/ul>\n<\/div><\/div><\/div>\n\n\n\n<div class=\"wp-block-column is-layout-flow wp-block-column-is-layout-flow\"><div  class=\"item wysiwyg component-list component-no-padding \" ><div class=\"container\">\n<ul class=\"wp-block-list\">\n<li>Purchase orders for exhibitor services and online payment<\/li>\n\n\n\n<li>Subscription form for electronic communications<\/li>\n<\/ul>\n<\/div><\/div><\/div>\n<\/div>\n<\/div><\/div>\n\n<div  class=\"item wysiwyg component-paragraph component-no-padding \" ><div class=\"container\">\n<p>To complete these forms and use the tools, you must submit certain information, including your first and last name and your contact information. This information will be stored according to SCCQ\u2019s classification plan.<\/p>\n<\/div><\/div>\n\n<div  class=\"item wysiwyg component-paragraph component-no-padding \" ><div class=\"container\">\n<p>SCCQ works with an external provider to collect your payment information.&nbsp;<\/p>\n<\/div><\/div>\n\n<div  class=\"item wysiwyg component-paragraph component-no-padding \" ><div class=\"container\">\n<p>SCCQ personnel do not have access to this information, which is collected and stored by Stripe, an online payment platform. Visit&nbsp;<a href=\"https:\/\/stripe.com\/privacy-center\/legal#faq_3\" target=\"_blank\" rel=\"noreferrer noopener\" class=\"\">Stripe\u2019s privacy policy<\/a>&nbsp;to learn more.<\/p>\n<\/div><\/div>\n\n<div  class=\"item wysiwyg component-heading component-no-padding \" ><div class=\"container\">\n<h3 class=\"wp-block-heading\">Electronic Communications<\/h3>\n<\/div><\/div>\n\n<div  class=\"item wysiwyg component-paragraph component-no-padding \" ><div class=\"container\">\n<p>SCCQ allows visitors to sign up for electronic communications. Behavioural data is collected and may be used for statistical purposes and to provide more targeted electronic communications.<\/p>\n<\/div><\/div>\n\n<div  class=\"item wysiwyg component-heading component-no-padding \" ><div class=\"container\">\n<h3 class=\"wp-block-heading\"><strong>Person Responsible for Access to Documents and Protection of Personal Information<\/strong><\/h3>\n<\/div><\/div>\n\n<div  class=\"item wysiwyg component-paragraph component-no-padding \" ><div class=\"container\">\n<p>The person responsible for the application of the&nbsp;Act respecting access to documents held by public bodies and the protection of personal information&nbsp;is, in this capacity, also responsible for ensuring compliance with this policy.<\/p>\n<\/div><\/div>\n\n<div  class=\"item wysiwyg component-paragraph component-no-padding \" ><div class=\"container\">\n<p>The information collected is handled in accordance with the <a href=\"https:\/\/www.legisquebec.gouv.qc.ca\/fr\/document\/lc\/A-2.1\" target=\"_blank\" rel=\"noreferrer noopener\">Loi sur l\u2019acc\u00e8s aux documents des organismes publics et sur la protection des renseignements personnels<\/a><\/p>\n<\/div><\/div>\n\n<div  class=\"item wysiwyg component-paragraph component-no-padding \" ><div class=\"container\">\n<p>You can find their contact information on the&nbsp;<a href=\"https:\/\/www.convention.qc.ca\/en\/about\/acces-information\/\">Access to information<\/a>&nbsp;page.<\/p>\n<\/div><\/div>\n\n<div  class=\"item wysiwyg component-paragraph component-no-padding \" ><div class=\"container\">\n<p><\/p>\n<\/div><\/div>\n\n<div  class=\"item wysiwyg component-paragraph component-no-padding \" ><div class=\"container\">\n<p><\/p>\n<\/div><\/div>\n\n<div  class=\"item wysiwyg component-paragraph component-no-padding \" ><div class=\"container\">\n<p><\/p>\n<\/div><\/div>\n\n<div  class=\"item wysiwyg component-paragraph component-no-padding \" ><div class=\"container\">\n<p>Update on April 14, 2023.<\/p>\n<\/div><\/div>","protected":false},"excerpt":{"rendered":"Read more on the Convention Centre&#8217;s online privacy policy and protection of personal data. ","protected":false},"author":1,"featured_media":0,"parent":5274,"menu_order":13,"comment_status":"closed","ping_status":"closed","template":"","meta":{"_acf_changed":false,"footnotes":""},"class_list":["post-5330","page","type-page","status-publish","hentry"],"acf":[],"yoast_head":"<!-- This site is optimized with the Yoast SEO plugin v26.7 - https:\/\/yoast.com\/wordpress\/plugins\/seo\/ -->\n<title>Privacy Policy | Qu\u00e9bec City Convention Centre<\/title>\n<meta name=\"description\" content=\"Read more on the Convention Centre&#039;s online privacy policy and protection of personal data.\" \/>\n<meta name=\"robots\" content=\"index, follow, max-snippet:-1, max-image-preview:large, max-video-preview:-1\" \/>\n<link rel=\"canonical\" href=\"https:\/\/www.convention.qc.ca\/en\/about\/privacy-policy\/\" \/>\n<meta property=\"og:locale\" content=\"en_US\" \/>\n<meta property=\"og:type\" content=\"article\" \/>\n<meta property=\"og:title\" content=\"Privacy Policy | Qu\u00e9bec City Convention Centre\" \/>\n<meta property=\"og:description\" content=\"Read more on the Convention Centre&#039;s online privacy policy and protection of personal data.\" \/>\n<meta property=\"og:url\" content=\"https:\/\/www.convention.qc.ca\/en\/about\/privacy-policy\/\" \/>\n<meta property=\"og:site_name\" content=\"Qu\u00e9bec City Convention Centre\" \/>\n<meta property=\"article:publisher\" content=\"https:\/\/www.facebook.com\/congresquebec\/\" \/>\n<meta property=\"article:modified_time\" content=\"2023-04-27T15:51:00+00:00\" \/>\n<meta property=\"og:image\" content=\"https:\/\/www.convention.qc.ca\/wp-content\/uploads\/poster.png\" \/>\n\t<meta property=\"og:image:width\" content=\"1200\" \/>\n\t<meta property=\"og:image:height\" content=\"630\" \/>\n\t<meta property=\"og:image:type\" content=\"image\/png\" \/>\n<meta name=\"twitter:card\" content=\"summary_large_image\" \/>\n<meta name=\"twitter:site\" content=\"@quebeccongres\" \/>\n<meta name=\"twitter:label1\" content=\"Est. reading time\" \/>\n\t<meta name=\"twitter:data1\" content=\"4 minutes\" \/>\n<script type=\"application\/ld+json\" class=\"yoast-schema-graph\">{\"@context\":\"https:\/\/schema.org\",\"@graph\":[{\"@type\":\"WebPage\",\"@id\":\"https:\/\/www.convention.qc.ca\/en\/about\/privacy-policy\/\",\"url\":\"https:\/\/www.convention.qc.ca\/en\/about\/privacy-policy\/\",\"name\":\"Privacy Policy | Qu\u00e9bec City Convention Centre\",\"isPartOf\":{\"@id\":\"https:\/\/www.convention.qc.ca\/en\/#website\"},\"datePublished\":\"2022-11-17T23:26:19+00:00\",\"dateModified\":\"2023-04-27T15:51:00+00:00\",\"description\":\"Read more on the Convention Centre's online privacy policy and protection of personal data.\",\"breadcrumb\":{\"@id\":\"https:\/\/www.convention.qc.ca\/en\/about\/privacy-policy\/#breadcrumb\"},\"inLanguage\":\"en-US\",\"potentialAction\":[{\"@type\":\"ReadAction\",\"target\":[\"https:\/\/www.convention.qc.ca\/en\/about\/privacy-policy\/\"]}]},{\"@type\":\"BreadcrumbList\",\"@id\":\"https:\/\/www.convention.qc.ca\/en\/about\/privacy-policy\/#breadcrumb\",\"itemListElement\":[{\"@type\":\"ListItem\",\"position\":1,\"name\":\"Accueil\",\"item\":\"https:\/\/www.convention.qc.ca\/en\/\"},{\"@type\":\"ListItem\",\"position\":2,\"name\":\"About\",\"item\":\"https:\/\/www.convention.qc.ca\/en\/about\/\"},{\"@type\":\"ListItem\",\"position\":3,\"name\":\"Privacy Policy\"}]},{\"@type\":\"WebSite\",\"@id\":\"https:\/\/www.convention.qc.ca\/en\/#website\",\"url\":\"https:\/\/www.convention.qc.ca\/en\/\",\"name\":\"Centre des congr\u00e8s de Qu\u00e9bec\",\"description\":\"Convention and exhibition center in Quebec City\",\"publisher\":{\"@id\":\"https:\/\/www.convention.qc.ca\/en\/#organization\"},\"potentialAction\":[{\"@type\":\"SearchAction\",\"target\":{\"@type\":\"EntryPoint\",\"urlTemplate\":\"https:\/\/www.convention.qc.ca\/en\/?s={search_term_string}\"},\"query-input\":{\"@type\":\"PropertyValueSpecification\",\"valueRequired\":true,\"valueName\":\"search_term_string\"}}],\"inLanguage\":\"en-US\"},{\"@type\":\"Organization\",\"@id\":\"https:\/\/www.convention.qc.ca\/en\/#organization\",\"name\":\"Centre des congr\u00e8s de Qu\u00e9bec\",\"url\":\"https:\/\/www.convention.qc.ca\/en\/\",\"logo\":{\"@type\":\"ImageObject\",\"inLanguage\":\"en-US\",\"@id\":\"https:\/\/www.convention.qc.ca\/en\/#\/schema\/logo\/image\/\",\"url\":\"https:\/\/www.convention.qc.ca\/wp-content\/uploads\/poster.png\",\"contentUrl\":\"https:\/\/www.convention.qc.ca\/wp-content\/uploads\/poster.png\",\"width\":1200,\"height\":630,\"caption\":\"Centre des congr\u00e8s de Qu\u00e9bec\"},\"image\":{\"@id\":\"https:\/\/www.convention.qc.ca\/en\/#\/schema\/logo\/image\/\"},\"sameAs\":[\"https:\/\/www.facebook.com\/congresquebec\/\",\"https:\/\/x.com\/quebeccongres\",\"https:\/\/www.instagram.com\/quebeccongres\/\",\"https:\/\/www.linkedin.com\/company\/congresquebec\"]}]}<\/script>\n<!-- \/ Yoast SEO plugin. -->","yoast_head_json":{"title":"Privacy Policy | Qu\u00e9bec City Convention Centre","description":"Read more on the Convention Centre's online privacy policy and protection of personal data.","robots":{"index":"index","follow":"follow","max-snippet":"max-snippet:-1","max-image-preview":"max-image-preview:large","max-video-preview":"max-video-preview:-1"},"canonical":"https:\/\/www.convention.qc.ca\/en\/about\/privacy-policy\/","og_locale":"en_US","og_type":"article","og_title":"Privacy Policy | Qu\u00e9bec City Convention Centre","og_description":"Read more on the Convention Centre's online privacy policy and protection of personal data.","og_url":"https:\/\/www.convention.qc.ca\/en\/about\/privacy-policy\/","og_site_name":"Qu\u00e9bec City Convention Centre","article_publisher":"https:\/\/www.facebook.com\/congresquebec\/","article_modified_time":"2023-04-27T15:51:00+00:00","og_image":[{"width":1200,"height":630,"url":"https:\/\/www.convention.qc.ca\/wp-content\/uploads\/poster.png","type":"image\/png"}],"twitter_card":"summary_large_image","twitter_site":"@quebeccongres","twitter_misc":{"Est. reading time":"4 minutes"},"schema":{"@context":"https:\/\/schema.org","@graph":[{"@type":"WebPage","@id":"https:\/\/www.convention.qc.ca\/en\/about\/privacy-policy\/","url":"https:\/\/www.convention.qc.ca\/en\/about\/privacy-policy\/","name":"Privacy Policy | Qu\u00e9bec City Convention Centre","isPartOf":{"@id":"https:\/\/www.convention.qc.ca\/en\/#website"},"datePublished":"2022-11-17T23:26:19+00:00","dateModified":"2023-04-27T15:51:00+00:00","description":"Read more on the Convention Centre's online privacy policy and protection of personal data.","breadcrumb":{"@id":"https:\/\/www.convention.qc.ca\/en\/about\/privacy-policy\/#breadcrumb"},"inLanguage":"en-US","potentialAction":[{"@type":"ReadAction","target":["https:\/\/www.convention.qc.ca\/en\/about\/privacy-policy\/"]}]},{"@type":"BreadcrumbList","@id":"https:\/\/www.convention.qc.ca\/en\/about\/privacy-policy\/#breadcrumb","itemListElement":[{"@type":"ListItem","position":1,"name":"Accueil","item":"https:\/\/www.convention.qc.ca\/en\/"},{"@type":"ListItem","position":2,"name":"About","item":"https:\/\/www.convention.qc.ca\/en\/about\/"},{"@type":"ListItem","position":3,"name":"Privacy Policy"}]},{"@type":"WebSite","@id":"https:\/\/www.convention.qc.ca\/en\/#website","url":"https:\/\/www.convention.qc.ca\/en\/","name":"Centre des congr\u00e8s de Qu\u00e9bec","description":"Convention and exhibition center in Quebec City","publisher":{"@id":"https:\/\/www.convention.qc.ca\/en\/#organization"},"potentialAction":[{"@type":"SearchAction","target":{"@type":"EntryPoint","urlTemplate":"https:\/\/www.convention.qc.ca\/en\/?s={search_term_string}"},"query-input":{"@type":"PropertyValueSpecification","valueRequired":true,"valueName":"search_term_string"}}],"inLanguage":"en-US"},{"@type":"Organization","@id":"https:\/\/www.convention.qc.ca\/en\/#organization","name":"Centre des congr\u00e8s de Qu\u00e9bec","url":"https:\/\/www.convention.qc.ca\/en\/","logo":{"@type":"ImageObject","inLanguage":"en-US","@id":"https:\/\/www.convention.qc.ca\/en\/#\/schema\/logo\/image\/","url":"https:\/\/www.convention.qc.ca\/wp-content\/uploads\/poster.png","contentUrl":"https:\/\/www.convention.qc.ca\/wp-content\/uploads\/poster.png","width":1200,"height":630,"caption":"Centre des congr\u00e8s de Qu\u00e9bec"},"image":{"@id":"https:\/\/www.convention.qc.ca\/en\/#\/schema\/logo\/image\/"},"sameAs":["https:\/\/www.facebook.com\/congresquebec\/","https:\/\/x.com\/quebeccongres","https:\/\/www.instagram.com\/quebeccongres\/","https:\/\/www.linkedin.com\/company\/congresquebec"]}]}},"_links":{"self":[{"href":"https:\/\/www.convention.qc.ca\/en\/wp-json\/wp\/v2\/pages\/5330","targetHints":{"allow":["GET"]}}],"collection":[{"href":"https:\/\/www.convention.qc.ca\/en\/wp-json\/wp\/v2\/pages"}],"about":[{"href":"https:\/\/www.convention.qc.ca\/en\/wp-json\/wp\/v2\/types\/page"}],"author":[{"embeddable":true,"href":"https:\/\/www.convention.qc.ca\/en\/wp-json\/wp\/v2\/users\/1"}],"replies":[{"embeddable":true,"href":"https:\/\/www.convention.qc.ca\/en\/wp-json\/wp\/v2\/comments?post=5330"}],"version-history":[{"count":5,"href":"https:\/\/www.convention.qc.ca\/en\/wp-json\/wp\/v2\/pages\/5330\/revisions"}],"predecessor-version":[{"id":12641,"href":"https:\/\/www.convention.qc.ca\/en\/wp-json\/wp\/v2\/pages\/5330\/revisions\/12641"}],"up":[{"embeddable":true,"href":"https:\/\/www.convention.qc.ca\/en\/wp-json\/wp\/v2\/pages\/5274"}],"wp:attachment":[{"href":"https:\/\/www.convention.qc.ca\/en\/wp-json\/wp\/v2\/media?parent=5330"}],"curies":[{"name":"wp","href":"https:\/\/api.w.org\/{rel}","templated":true}]}}