{"id":10445,"date":"2023-03-15T11:20:13","date_gmt":"2023-03-15T15:20:13","guid":{"rendered":"https:\/\/www.convention.qc.ca\/?page_id=10445"},"modified":"2023-03-28T10:27:54","modified_gmt":"2023-03-28T14:27:54","slug":"waste-management","status":"publish","type":"page","link":"https:\/\/www.convention.qc.ca\/en\/event-planners\/sustainability\/waste-management\/","title":{"rendered":"Waste Management: Reduce, Reuse and Recover"},"content":{"rendered":"<div  class=\"item wysiwyg component-paragraph component-no-padding \" ><div class=\"container\">\n<p>Our team is there, every step of the way! They oversee the sorting of waste and compostable materials produced at your event, and find ways to recover them with our various partners. We strive for a recovery rate of 80%&#8211;and nothing less! With our standardized collection system integrated into daily routines, praised by experts, we meet our objectives. The Convention Centre includes waste and compostable materials management for free in your contract. You don\u2019t have to pay any additional amounts for this service.<\/p>\n<\/div><\/div>\n\n<div  class=\"item wysiwyg component-paragraph component-no-padding \" ><div class=\"container\">\n<p><\/p>\n<\/div><\/div>\n\n<div class=\"wp-block-image\"><div  class=\"item wysiwyg component-image\"><div class=\"container\" >\n<figure class=\"aligncenter size-large is-resized\"><img loading=\"lazy\" decoding=\"async\" src=\"https:\/\/www.convention.qc.ca\/wp-content\/uploads\/Bac-multi-ecoresponsable-2023-02-WEB-1024x683.jpg\" alt=\"Femme passant devant un bac, nomm\u00e9 il\u00f4t multimati\u00e8re. Il permet d'avoir acc\u00e8s \u00e0 une poubelle, un bac de recyclage et de compost au m\u00eame endroit.\" class=\"wp-image-7948\" width=\"768\" height=\"512\" srcset=\"https:\/\/www.convention.qc.ca\/wp-content\/uploads\/Bac-multi-ecoresponsable-2023-02-WEB-1024x683.jpg 1024w, https:\/\/www.convention.qc.ca\/wp-content\/uploads\/Bac-multi-ecoresponsable-2023-02-WEB-700x467.jpg 700w, https:\/\/www.convention.qc.ca\/wp-content\/uploads\/Bac-multi-ecoresponsable-2023-02-WEB-768x512.jpg 768w, https:\/\/www.convention.qc.ca\/wp-content\/uploads\/Bac-multi-ecoresponsable-2023-02-WEB-1536x1024.jpg 1536w, https:\/\/www.convention.qc.ca\/wp-content\/uploads\/Bac-multi-ecoresponsable-2023-02-WEB-2048x1366.jpg 2048w, https:\/\/www.convention.qc.ca\/wp-content\/uploads\/Bac-multi-ecoresponsable-2023-02-WEB-400x267.jpg 400w\" sizes=\"auto, (max-width: 768px) 100vw, 768px\" \/><figcaption class=\"wp-element-caption\">Multi-Material Sorting Stations<\/figcaption><\/figure>\n<\/div><\/div><\/div>\n\n<div  class=\"item wysiwyg component-heading component-no-padding \" ><div class=\"container\">\n<h2 class=\"wp-block-heading\">How are waste materials managed at the Convention Centre:<\/h2>\n<\/div><\/div>\n\n<div  class=\"item wysiwyg component-columns\"><div class=\"container\" >\n<div class=\"wp-block-columns is-layout-flex wp-container-core-columns-is-layout-9d6595d7 wp-block-columns-is-layout-flex\">\n<div class=\"wp-block-column is-layout-flow wp-block-column-is-layout-flow\"><div  class=\"item wysiwyg component-list component-no-padding \" ><div class=\"container\">\n<ul class=\"wp-block-list\">\n<li>Collection system standardized and integrated into daily routines<\/li>\n\n\n\n<li>Efficient and well-trained operational team<\/li>\n\n\n\n<li>Multi-material waste sorting stations (including composting) are available free of charge in the Convention Centre<\/li>\n<\/ul>\n<\/div><\/div><\/div>\n\n\n\n<div class=\"wp-block-column is-layout-flow wp-block-column-is-layout-flow\"><div  class=\"item wysiwyg component-list component-no-padding \" ><div class=\"container\">\n<ul class=\"wp-block-list\">\n<li>Sorting of compostable and recyclable materials in the kitchen<\/li>\n\n\n\n<li>Weighing of materials<\/li>\n\n\n\n<li>Materials recovered with partners and the City of Qu\u00e9bec<\/li>\n<\/ul>\n<\/div><\/div><\/div>\n<\/div>\n<\/div><\/div>\n\n\n<div  class=\"item component-linked-posts \">\n    <div class=\"box\">\n        <div class=\"container\">\n            <div class=\"box__header row\">\n                <div class=\"col-xs-12 col-md-8\">\n                    <h2 class=\"h3\">Learn more<\/h2>                <\/div>\n\n                            <\/div>\n\n            <div class=\"box__list row\" role=\"list\">\n                \n                                <div class=\"col-xs-12 col-sm-4\" role=\"listitem\">\n                    <article class=\"article-card article-card--posts js-a11y-block-link\">\n                        <div class=\"article-card__thumbnail\">\n                                                            <img loading=\"lazy\" decoding=\"async\" width=\"1024\" height=\"683\" src=\"https:\/\/www.convention.qc.ca\/wp-content\/uploads\/Fontaine-eau-2023-WEB-1024x683.jpg\" class=\"attachment-large size-large wp-post-image\" alt=\"A woman filling her reusable bottle at one of the Qu\u00e9bec City Convention Centre\u2019s water refill stations.\" srcset=\"https:\/\/www.convention.qc.ca\/wp-content\/uploads\/Fontaine-eau-2023-WEB-1024x683.jpg 1024w, https:\/\/www.convention.qc.ca\/wp-content\/uploads\/Fontaine-eau-2023-WEB-700x467.jpg 700w, https:\/\/www.convention.qc.ca\/wp-content\/uploads\/Fontaine-eau-2023-WEB-768x512.jpg 768w, https:\/\/www.convention.qc.ca\/wp-content\/uploads\/Fontaine-eau-2023-WEB-1536x1024.jpg 1536w, https:\/\/www.convention.qc.ca\/wp-content\/uploads\/Fontaine-eau-2023-WEB-2048x1366.jpg 2048w, https:\/\/www.convention.qc.ca\/wp-content\/uploads\/Fontaine-eau-2023-WEB-400x267.jpg 400w\" sizes=\"auto, (max-width: 1024px) 100vw, 1024px\" \/>                                                    <\/div>\n                        <div class=\"article-card__content\">\n                            <a href=\"https:\/\/www.convention.qc.ca\/en\/news\/reusable-water-bottles-refill-stations\/\" class=\"article-card__title\" data-a11y-link>\n                                The Eco-Friendly Choice: Bring Your Reusable Water Bottle                            <\/a>\n                            <p class=\"article-card__excerpt\">Whether you\u2019re a visitor, delegate, event organizer, exhibitor or supplier, make the eco-friendly choice: bring your reusable water bottle every time you come to the Qu\u00e9bec City Convention Centre.<\/p>\n\n                            \n                                                    <\/div>\n                    <\/article>\n                <\/div>\n                                <div class=\"col-xs-12 col-sm-4\" role=\"listitem\">\n                    <article class=\"article-card article-card--posts js-a11y-block-link\">\n                        <div class=\"article-card__thumbnail\">\n                                                            <img loading=\"lazy\" decoding=\"async\" width=\"1024\" height=\"683\" src=\"https:\/\/www.convention.qc.ca\/wp-content\/uploads\/Lumiere-DEL-2023-WEB-1024x683.jpg\" class=\"attachment-large size-large wp-post-image\" alt=\"\" srcset=\"https:\/\/www.convention.qc.ca\/wp-content\/uploads\/Lumiere-DEL-2023-WEB-1024x683.jpg 1024w, https:\/\/www.convention.qc.ca\/wp-content\/uploads\/Lumiere-DEL-2023-WEB-700x467.jpg 700w, https:\/\/www.convention.qc.ca\/wp-content\/uploads\/Lumiere-DEL-2023-WEB-768x512.jpg 768w, https:\/\/www.convention.qc.ca\/wp-content\/uploads\/Lumiere-DEL-2023-WEB-1536x1024.jpg 1536w, https:\/\/www.convention.qc.ca\/wp-content\/uploads\/Lumiere-DEL-2023-WEB-2048x1366.jpg 2048w, https:\/\/www.convention.qc.ca\/wp-content\/uploads\/Lumiere-DEL-2023-WEB-400x267.jpg 400w\" sizes=\"auto, (max-width: 1024px) 100vw, 1024px\" \/>                                                    <\/div>\n                        <div class=\"article-card__content\">\n                            <a href=\"https:\/\/www.convention.qc.ca\/en\/news\/renovations-maintenance-sustainability\/\" class=\"article-card__title\" data-a11y-link>\n                                Latest Renovations and Sustainability at the Qu\u00e9bec City Convention Centre                            <\/a>\n                            <p class=\"article-card__excerpt\">Learn more about the latest renovations, upgrades and sustainable initiatives of the Qu\u00e9bec City Convention Centre.<\/p>\n\n                            \n                                                    <\/div>\n                    <\/article>\n                <\/div>\n                                <div class=\"col-xs-12 col-sm-4\" role=\"listitem\">\n                    <article class=\"article-card article-card--posts js-a11y-block-link\">\n                        <div class=\"article-card__thumbnail\">\n                                                            <img loading=\"lazy\" decoding=\"async\" width=\"1024\" height=\"683\" src=\"https:\/\/www.convention.qc.ca\/wp-content\/uploads\/Bac-multi-ecoresponsable-2023-05-WEB-1024x683.jpg\" class=\"attachment-large size-large wp-post-image\" alt=\"\" srcset=\"https:\/\/www.convention.qc.ca\/wp-content\/uploads\/Bac-multi-ecoresponsable-2023-05-WEB-1024x683.jpg 1024w, https:\/\/www.convention.qc.ca\/wp-content\/uploads\/Bac-multi-ecoresponsable-2023-05-WEB-700x467.jpg 700w, https:\/\/www.convention.qc.ca\/wp-content\/uploads\/Bac-multi-ecoresponsable-2023-05-WEB-768x512.jpg 768w, https:\/\/www.convention.qc.ca\/wp-content\/uploads\/Bac-multi-ecoresponsable-2023-05-WEB-1536x1024.jpg 1536w, https:\/\/www.convention.qc.ca\/wp-content\/uploads\/Bac-multi-ecoresponsable-2023-05-WEB-2048x1366.jpg 2048w, https:\/\/www.convention.qc.ca\/wp-content\/uploads\/Bac-multi-ecoresponsable-2023-05-WEB-400x267.jpg 400w\" sizes=\"auto, (max-width: 1024px) 100vw, 1024px\" \/>                                                    <\/div>\n                        <div class=\"article-card__content\">\n                            <a href=\"https:\/\/www.convention.qc.ca\/en\/news\/free-tool-events-green-impact-sustainability-report\/\" class=\"article-card__title\" data-a11y-link>\n                                Measure Your Event&#8217;s Green Impact: Free Sustainability Report                            <\/a>\n                            <p class=\"article-card__excerpt\">The Qu\u00e9bec City Convention Centre is pleased to introduce a brand-new tool for event planners: a sustainability performance report.<\/p>\n\n                            \n                                                    <\/div>\n                    <\/article>\n                <\/div>\n                            <\/div>\n        <\/div>\n    <\/div>\n<\/div>\n","protected":false},"excerpt":{"rendered":"The Qu\u00e9bec City Convention Centre\u2019s offer includes the management of waste and compostable materials at no additional charge.","protected":false},"author":5,"featured_media":7943,"parent":5352,"menu_order":0,"comment_status":"closed","ping_status":"closed","template":"","meta":{"_acf_changed":false,"footnotes":""},"class_list":["post-10445","page","type-page","status-publish","has-post-thumbnail","hentry"],"acf":[],"yoast_head":"<!-- This site is optimized with the Yoast SEO plugin v26.7 - https:\/\/yoast.com\/wordpress\/plugins\/seo\/ -->\n<title>Waste Management | Qu\u00e9bec City Convention Centre<\/title>\n<meta name=\"description\" content=\"The Qu\u00e9bec City Convention Centre\u2019s offer includes the management of waste and compostable materials at no additional charge.\" \/>\n<meta name=\"robots\" content=\"index, follow, max-snippet:-1, max-image-preview:large, max-video-preview:-1\" \/>\n<link rel=\"canonical\" href=\"https:\/\/www.convention.qc.ca\/en\/event-planners\/sustainability\/waste-management\/\" \/>\n<meta property=\"og:locale\" content=\"en_US\" \/>\n<meta property=\"og:type\" content=\"article\" \/>\n<meta property=\"og:title\" content=\"Waste Management | Qu\u00e9bec City Convention Centre\" \/>\n<meta property=\"og:description\" content=\"The Qu\u00e9bec City Convention Centre\u2019s offer includes the management of waste and compostable materials at no additional charge.\" \/>\n<meta property=\"og:url\" content=\"https:\/\/www.convention.qc.ca\/en\/event-planners\/sustainability\/waste-management\/\" \/>\n<meta property=\"og:site_name\" content=\"Qu\u00e9bec City Convention Centre\" \/>\n<meta property=\"article:publisher\" content=\"https:\/\/www.facebook.com\/congresquebec\/\" \/>\n<meta property=\"article:modified_time\" content=\"2023-03-28T14:27:54+00:00\" \/>\n<meta property=\"og:image\" content=\"https:\/\/www.convention.qc.ca\/wp-content\/uploads\/Bac-multi-ecoresponsable-2023-03-WEB.jpg\" \/>\n\t<meta property=\"og:image:width\" content=\"2500\" \/>\n\t<meta property=\"og:image:height\" content=\"1666\" \/>\n\t<meta property=\"og:image:type\" content=\"image\/jpeg\" \/>\n<meta name=\"twitter:card\" content=\"summary_large_image\" \/>\n<meta name=\"twitter:site\" content=\"@quebeccongres\" \/>\n<meta name=\"twitter:label1\" content=\"Est. reading time\" \/>\n\t<meta name=\"twitter:data1\" content=\"1 minute\" \/>\n<script type=\"application\/ld+json\" class=\"yoast-schema-graph\">{\"@context\":\"https:\/\/schema.org\",\"@graph\":[{\"@type\":\"WebPage\",\"@id\":\"https:\/\/www.convention.qc.ca\/en\/event-planners\/sustainability\/waste-management\/\",\"url\":\"https:\/\/www.convention.qc.ca\/en\/event-planners\/sustainability\/waste-management\/\",\"name\":\"Waste Management | Qu\u00e9bec City Convention Centre\",\"isPartOf\":{\"@id\":\"https:\/\/www.convention.qc.ca\/en\/#website\"},\"primaryImageOfPage\":{\"@id\":\"https:\/\/www.convention.qc.ca\/en\/event-planners\/sustainability\/waste-management\/#primaryimage\"},\"image\":{\"@id\":\"https:\/\/www.convention.qc.ca\/en\/event-planners\/sustainability\/waste-management\/#primaryimage\"},\"thumbnailUrl\":\"https:\/\/www.convention.qc.ca\/wp-content\/uploads\/Bac-multi-ecoresponsable-2023-03-WEB.jpg\",\"datePublished\":\"2023-03-15T15:20:13+00:00\",\"dateModified\":\"2023-03-28T14:27:54+00:00\",\"description\":\"The Qu\u00e9bec City Convention Centre\u2019s offer includes the management of waste and compostable materials at no additional charge.\",\"breadcrumb\":{\"@id\":\"https:\/\/www.convention.qc.ca\/en\/event-planners\/sustainability\/waste-management\/#breadcrumb\"},\"inLanguage\":\"en-US\",\"potentialAction\":[{\"@type\":\"ReadAction\",\"target\":[\"https:\/\/www.convention.qc.ca\/en\/event-planners\/sustainability\/waste-management\/\"]}]},{\"@type\":\"ImageObject\",\"inLanguage\":\"en-US\",\"@id\":\"https:\/\/www.convention.qc.ca\/en\/event-planners\/sustainability\/waste-management\/#primaryimage\",\"url\":\"https:\/\/www.convention.qc.ca\/wp-content\/uploads\/Bac-multi-ecoresponsable-2023-03-WEB.jpg\",\"contentUrl\":\"https:\/\/www.convention.qc.ca\/wp-content\/uploads\/Bac-multi-ecoresponsable-2023-03-WEB.jpg\",\"width\":2500,\"height\":1666},{\"@type\":\"BreadcrumbList\",\"@id\":\"https:\/\/www.convention.qc.ca\/en\/event-planners\/sustainability\/waste-management\/#breadcrumb\",\"itemListElement\":[{\"@type\":\"ListItem\",\"position\":1,\"name\":\"Accueil\",\"item\":\"https:\/\/www.convention.qc.ca\/en\/\"},{\"@type\":\"ListItem\",\"position\":2,\"name\":\"Planners\",\"item\":\"https:\/\/www.convention.qc.ca\/en\/event-planners\/\"},{\"@type\":\"ListItem\",\"position\":3,\"name\":\"Sustainability for Event Planners\",\"item\":\"https:\/\/www.convention.qc.ca\/en\/event-planners\/sustainability\/\"},{\"@type\":\"ListItem\",\"position\":4,\"name\":\"Waste Management: Reduce, Reuse and Recover\"}]},{\"@type\":\"WebSite\",\"@id\":\"https:\/\/www.convention.qc.ca\/en\/#website\",\"url\":\"https:\/\/www.convention.qc.ca\/en\/\",\"name\":\"Centre des congr\u00e8s de Qu\u00e9bec\",\"description\":\"Convention and exhibition center in Quebec City\",\"publisher\":{\"@id\":\"https:\/\/www.convention.qc.ca\/en\/#organization\"},\"potentialAction\":[{\"@type\":\"SearchAction\",\"target\":{\"@type\":\"EntryPoint\",\"urlTemplate\":\"https:\/\/www.convention.qc.ca\/en\/?s={search_term_string}\"},\"query-input\":{\"@type\":\"PropertyValueSpecification\",\"valueRequired\":true,\"valueName\":\"search_term_string\"}}],\"inLanguage\":\"en-US\"},{\"@type\":\"Organization\",\"@id\":\"https:\/\/www.convention.qc.ca\/en\/#organization\",\"name\":\"Centre des congr\u00e8s de Qu\u00e9bec\",\"url\":\"https:\/\/www.convention.qc.ca\/en\/\",\"logo\":{\"@type\":\"ImageObject\",\"inLanguage\":\"en-US\",\"@id\":\"https:\/\/www.convention.qc.ca\/en\/#\/schema\/logo\/image\/\",\"url\":\"https:\/\/www.convention.qc.ca\/wp-content\/uploads\/poster.png\",\"contentUrl\":\"https:\/\/www.convention.qc.ca\/wp-content\/uploads\/poster.png\",\"width\":1200,\"height\":630,\"caption\":\"Centre des congr\u00e8s de Qu\u00e9bec\"},\"image\":{\"@id\":\"https:\/\/www.convention.qc.ca\/en\/#\/schema\/logo\/image\/\"},\"sameAs\":[\"https:\/\/www.facebook.com\/congresquebec\/\",\"https:\/\/x.com\/quebeccongres\",\"https:\/\/www.instagram.com\/quebeccongres\/\",\"https:\/\/www.linkedin.com\/company\/congresquebec\"]}]}<\/script>\n<!-- \/ Yoast SEO plugin. -->","yoast_head_json":{"title":"Waste Management | Qu\u00e9bec City Convention Centre","description":"The Qu\u00e9bec City Convention Centre\u2019s offer includes the management of waste and compostable materials at no additional charge.","robots":{"index":"index","follow":"follow","max-snippet":"max-snippet:-1","max-image-preview":"max-image-preview:large","max-video-preview":"max-video-preview:-1"},"canonical":"https:\/\/www.convention.qc.ca\/en\/event-planners\/sustainability\/waste-management\/","og_locale":"en_US","og_type":"article","og_title":"Waste Management | Qu\u00e9bec City Convention Centre","og_description":"The Qu\u00e9bec City Convention Centre\u2019s offer includes the management of waste and compostable materials at no additional charge.","og_url":"https:\/\/www.convention.qc.ca\/en\/event-planners\/sustainability\/waste-management\/","og_site_name":"Qu\u00e9bec City Convention Centre","article_publisher":"https:\/\/www.facebook.com\/congresquebec\/","article_modified_time":"2023-03-28T14:27:54+00:00","og_image":[{"width":2500,"height":1666,"url":"https:\/\/www.convention.qc.ca\/wp-content\/uploads\/Bac-multi-ecoresponsable-2023-03-WEB.jpg","type":"image\/jpeg"}],"twitter_card":"summary_large_image","twitter_site":"@quebeccongres","twitter_misc":{"Est. reading time":"1 minute"},"schema":{"@context":"https:\/\/schema.org","@graph":[{"@type":"WebPage","@id":"https:\/\/www.convention.qc.ca\/en\/event-planners\/sustainability\/waste-management\/","url":"https:\/\/www.convention.qc.ca\/en\/event-planners\/sustainability\/waste-management\/","name":"Waste Management | Qu\u00e9bec City Convention Centre","isPartOf":{"@id":"https:\/\/www.convention.qc.ca\/en\/#website"},"primaryImageOfPage":{"@id":"https:\/\/www.convention.qc.ca\/en\/event-planners\/sustainability\/waste-management\/#primaryimage"},"image":{"@id":"https:\/\/www.convention.qc.ca\/en\/event-planners\/sustainability\/waste-management\/#primaryimage"},"thumbnailUrl":"https:\/\/www.convention.qc.ca\/wp-content\/uploads\/Bac-multi-ecoresponsable-2023-03-WEB.jpg","datePublished":"2023-03-15T15:20:13+00:00","dateModified":"2023-03-28T14:27:54+00:00","description":"The Qu\u00e9bec City Convention Centre\u2019s offer includes the management of waste and compostable materials at no additional charge.","breadcrumb":{"@id":"https:\/\/www.convention.qc.ca\/en\/event-planners\/sustainability\/waste-management\/#breadcrumb"},"inLanguage":"en-US","potentialAction":[{"@type":"ReadAction","target":["https:\/\/www.convention.qc.ca\/en\/event-planners\/sustainability\/waste-management\/"]}]},{"@type":"ImageObject","inLanguage":"en-US","@id":"https:\/\/www.convention.qc.ca\/en\/event-planners\/sustainability\/waste-management\/#primaryimage","url":"https:\/\/www.convention.qc.ca\/wp-content\/uploads\/Bac-multi-ecoresponsable-2023-03-WEB.jpg","contentUrl":"https:\/\/www.convention.qc.ca\/wp-content\/uploads\/Bac-multi-ecoresponsable-2023-03-WEB.jpg","width":2500,"height":1666},{"@type":"BreadcrumbList","@id":"https:\/\/www.convention.qc.ca\/en\/event-planners\/sustainability\/waste-management\/#breadcrumb","itemListElement":[{"@type":"ListItem","position":1,"name":"Accueil","item":"https:\/\/www.convention.qc.ca\/en\/"},{"@type":"ListItem","position":2,"name":"Planners","item":"https:\/\/www.convention.qc.ca\/en\/event-planners\/"},{"@type":"ListItem","position":3,"name":"Sustainability for Event Planners","item":"https:\/\/www.convention.qc.ca\/en\/event-planners\/sustainability\/"},{"@type":"ListItem","position":4,"name":"Waste Management: Reduce, Reuse and Recover"}]},{"@type":"WebSite","@id":"https:\/\/www.convention.qc.ca\/en\/#website","url":"https:\/\/www.convention.qc.ca\/en\/","name":"Centre des congr\u00e8s de Qu\u00e9bec","description":"Convention and exhibition center in Quebec City","publisher":{"@id":"https:\/\/www.convention.qc.ca\/en\/#organization"},"potentialAction":[{"@type":"SearchAction","target":{"@type":"EntryPoint","urlTemplate":"https:\/\/www.convention.qc.ca\/en\/?s={search_term_string}"},"query-input":{"@type":"PropertyValueSpecification","valueRequired":true,"valueName":"search_term_string"}}],"inLanguage":"en-US"},{"@type":"Organization","@id":"https:\/\/www.convention.qc.ca\/en\/#organization","name":"Centre des congr\u00e8s de Qu\u00e9bec","url":"https:\/\/www.convention.qc.ca\/en\/","logo":{"@type":"ImageObject","inLanguage":"en-US","@id":"https:\/\/www.convention.qc.ca\/en\/#\/schema\/logo\/image\/","url":"https:\/\/www.convention.qc.ca\/wp-content\/uploads\/poster.png","contentUrl":"https:\/\/www.convention.qc.ca\/wp-content\/uploads\/poster.png","width":1200,"height":630,"caption":"Centre des congr\u00e8s de Qu\u00e9bec"},"image":{"@id":"https:\/\/www.convention.qc.ca\/en\/#\/schema\/logo\/image\/"},"sameAs":["https:\/\/www.facebook.com\/congresquebec\/","https:\/\/x.com\/quebeccongres","https:\/\/www.instagram.com\/quebeccongres\/","https:\/\/www.linkedin.com\/company\/congresquebec"]}]}},"_links":{"self":[{"href":"https:\/\/www.convention.qc.ca\/en\/wp-json\/wp\/v2\/pages\/10445","targetHints":{"allow":["GET"]}}],"collection":[{"href":"https:\/\/www.convention.qc.ca\/en\/wp-json\/wp\/v2\/pages"}],"about":[{"href":"https:\/\/www.convention.qc.ca\/en\/wp-json\/wp\/v2\/types\/page"}],"author":[{"embeddable":true,"href":"https:\/\/www.convention.qc.ca\/en\/wp-json\/wp\/v2\/users\/5"}],"replies":[{"embeddable":true,"href":"https:\/\/www.convention.qc.ca\/en\/wp-json\/wp\/v2\/comments?post=10445"}],"version-history":[{"count":8,"href":"https:\/\/www.convention.qc.ca\/en\/wp-json\/wp\/v2\/pages\/10445\/revisions"}],"predecessor-version":[{"id":11721,"href":"https:\/\/www.convention.qc.ca\/en\/wp-json\/wp\/v2\/pages\/10445\/revisions\/11721"}],"up":[{"embeddable":true,"href":"https:\/\/www.convention.qc.ca\/en\/wp-json\/wp\/v2\/pages\/5352"}],"wp:featuredmedia":[{"embeddable":true,"href":"https:\/\/www.convention.qc.ca\/en\/wp-json\/wp\/v2\/media\/7943"}],"wp:attachment":[{"href":"https:\/\/www.convention.qc.ca\/en\/wp-json\/wp\/v2\/media?parent=10445"}],"curies":[{"name":"wp","href":"https:\/\/api.w.org\/{rel}","templated":true}]}}